{"id":2056,"date":"2022-04-11T14:15:17","date_gmt":"2022-04-11T12:15:17","guid":{"rendered":"http:\/\/avt.audio\/?page_id=2056"},"modified":"2022-09-13T10:28:09","modified_gmt":"2022-09-13T08:28:09","slug":"streaming-und-videoproduktion","status":"publish","type":"page","link":"https:\/\/avt-events.com\/?page_id=2056","title":{"rendered":"Streaming- und Videoproduktion"},"content":{"rendered":"<p><img decoding=\"async\" src=\"\/wp-content\/uploads\/2022\/04\/AVT-Rhamen-bg.png\" alt=\"\"><\/p>\n<h1>Streaming- und Videoproduktion<\/h1>\n<div>\n<p class=\"p1\">Unsere technische Ausstattung garantiert eine eine Medienproduktion auf h\u00f6chstem Niveau bei gleichzeitigen Sparpotentialen f\u00fcr unsere Kunden, beispielsweise bei Reise- und \u00dcbernachtungskosten. Dies geht Hand und Hand mit der nachhaltigen Schonung von Ressourcen. Ihre Mitarbeiter*innen k\u00f6nnen vor Ort weiter arbeiten und verlieren keine Arbeitsstunden durch Reiseaktivit\u00e4ten; das Risiko einer pandemiebedingten Infektion wird reduziert.<span class=\"Apple-converted-space\">\u00a0 \u00a0 \u00a0<\/span><\/p>\n<\/div>\n<ul>\n<li>\n        <a href=\"\/index.php?page_id=2032\">Veranstaltungstechnik<\/a>\n    <\/li>\n<li>\n        <a href=\"\/index.php?page_id=2056\">Streaming- und Videoproduktion<\/a>\n    <\/li>\n<li>\n        <a href=\"\/index.php?page_id=2012\">B\u00fchnen und Podesterie<\/a>\n    <\/li>\n<li>\n        <a href=\"\/index.php?page_id=2058\">Vertrieb und Service<\/a>\n    <\/li>\n<li>\n        <a href=\"\/index.php?page_id=2059\">Medientechnik<\/a>\n    <\/li>\n<li>\n        <a href=\"\/index.php?page_id=2060\">Broadcast<\/a>\n    <\/li>\n<\/ul>\n<div>\n<h1>Professionelle Videokonferenz <\/h1>\n<div>\n<p class=\"p1\">Dank der Verf\u00fcgbarkeit unserer aktuellen technischen Ausstattung sind wir in der Lage, Ihre Veranstaltung in Form professioneller Videokonferenzen durchzuf\u00fchren \u2013 ob in Ihren vorhandenen Firmenr\u00e4umlichkeiten oder in einer daf\u00fcr ausgesuchten Location. Wir passen uns und unsere Technik den jeweiligen Rahmenbedingungen an, bei gleichbleibender hoher Qualit\u00e4t.<span class=\"Apple-converted-space\">\u00a0<\/span><\/p>\n<\/div>\n<\/div>\n<ul>\n<li>\n<p>        <img decoding=\"async\" src=\"\/wp-content\/uploads\/2022\/09\/DSC01722.jpg\" alt=\"\"><\/p>\n<\/li>\n<li>\n<p>        <img decoding=\"async\" src=\"\/wp-content\/uploads\/2022\/01\/DSC00202-scaled.jpg\" alt=\"\"><\/p>\n<h3>DSC00202<\/h3>\n<\/li>\n<\/ul>\n<div>\n<h1>Hybride Eventl\u00f6sungen<\/h1>\n<div>\n<p class=\"p1\">Dem Wandel vom station\u00e4ren ins mobile Arbeiten in Form von Home Office und Arbeitsplatzsharing tragen wir durch den Einsatz individuell passender Hybridl\u00f6sungen Rechnungen. Wir stellen sicher, dass sie all Ihre gew\u00fcnschte Zielgruppen im virtuellen Raum ansprechen und erreichen k\u00f6nnen. Weniger Aufwand, h\u00f6here Reichweite \u2013 wir tragen technisch gerne dazu bei.<span class=\"Apple-converted-space\">\u00a0<\/span><\/p>\n<\/div>\n<\/div>\n<div>\n<p>    <img decoding=\"async\" src=\"\/wp-content\/uploads\/2022\/03\/DSC00095-scaled.jpg\" alt=\"\"><\/p>\n<h3>DSC00095<\/h3>\n<\/div>\n<div>\n<h1>Stream-Studiobau f\u00fcr Ihre Firma <\/h1>\n<\/div>\n<ul>\n<li>\n<p>        <img decoding=\"async\" src=\"\/wp-content\/uploads\/2022\/04\/a2496c20a866d0b0877e98bb0bef57b0.jpg\" alt=\"\"><\/p>\n<h3>a2496c20a866d0b0877e98bb0bef57b0<\/h3>\n<\/li>\n<li>\n<p>        <img decoding=\"async\" src=\"\/wp-content\/uploads\/2022\/01\/DSC00152-scaled.jpg\" alt=\"\"><\/p>\n<h3>DSC00152<\/h3>\n<\/li>\n<li>\n<p>        <img decoding=\"async\" src=\"\/wp-content\/uploads\/2021\/05\/bg-kamera.jpg\" alt=\"\"><\/p>\n<h3>bg-kamera<\/h3>\n<\/li>\n<\/ul>\n<p><!--more--><br \/>\n<!-- {\"type\":\"layout\",\"children\":[{\"type\":\"section\",\"props\":{\"style\":\"default\",\"width\":\"default\",\"vertical_align\":\"middle\",\"title_position\":\"top-left\",\"title_rotation\":\"left\",\"title_breakpoint\":\"xl\",\"image_position\":\"center-center\",\"padding\":\"large\",\"padding_remove_bottom\":false,\"header_transparent\":\"dark\",\"overlap\":false,\"title\":\"\"},\"children\":[{\"type\":\"row\",\"props\":{\"column_gap\":\"collapse\"},\"children\":[{\"type\":\"column\",\"props\":{\"image_position\":\"center-center\",\"media_overlay_gradient\":\"\",\"width_medium\":\"\",\"position_sticky_breakpoint\":\"m\"},\"children\":[{\"type\":\"image\",\"props\":{\"margin\":\"default\",\"image_svg_color\":\"emphasis\",\"image\":\"wp-content\\\/uploads\\\/2022\\\/04\\\/AVT-Rhamen-bg.png\",\"image_width\":\"700\",\"image_svg_inline\":true,\"image_svg_animate\":false,\"position\":\"absolute\",\"position_left\":\"0vw\",\"position_top\":\"-90\",\"visibility\":\"m\",\"position_z_index\":\"0\",\"animation\":\"fade\",\"text_align\":\"right\"}},{\"type\":\"headline\",\"props\":{\"title_element\":\"h1\",\"title_style\":\"heading-medium\",\"title_color\":\"background\",\"content\":\"Streaming- und Videoproduktion\",\"position\":\"relative\"}},{\"type\":\"text\",\"props\":{\"margin\":\"default\",\"column_breakpoint\":\"m\",\"content\":\"\n\n<p class=\\\"p1\\\">Unsere technische Ausstattung garantiert eine eine Medienproduktion auf h\\u00f6chstem Niveau bei gleichzeitigen Sparpotentialen f\\u00fcr unsere Kunden, beispielsweise bei Reise- und \\u00dcbernachtungskosten. Dies geht Hand und Hand mit der nachhaltigen Schonung von Ressourcen. Ihre Mitarbeiter*innen k\\u00f6nnen vor Ort weiter arbeiten und verlieren keine Arbeitsstunden durch Reiseaktivit\\u00e4ten; das Risiko einer pandemiebedingten Infektion wird reduziert.<span class=\\\"Apple-converted-space\\\">\\u00a0 \\u00a0 \\u00a0<\\\/span><\\\/p>\",\"dropcap\":false,\"text_style\":\"lead\"}},{\"type\":\"subnav\",\"props\":{\"subnav_style\":\"tab\",\"position\":\"relative\",\"position_z_index\":\"1\"},\"children\":[{\"type\":\"subnav_item\",\"props\":{\"content\":\"Veranstaltungstechnik\",\"link\":\"index.php?page_id=2032\",\"active\":false}},{\"type\":\"subnav_item\",\"props\":{\"content\":\"Streaming- und Videoproduktion\",\"link\":\"index.php?page_id=2056\",\"active\":true}},{\"type\":\"subnav_item\",\"props\":{\"content\":\"B\\u00fchnen und Podesterie\",\"link\":\"index.php?page_id=2012\",\"active\":false}},{\"type\":\"subnav_item\",\"props\":{\"content\":\"Vertrieb und Service\",\"link\":\"index.php?page_id=2058\"}},{\"type\":\"subnav_item\",\"props\":{\"content\":\"Medientechnik\",\"link\":\"index.php?page_id=2059\"}},{\"type\":\"subnav_item\",\"props\":{\"content\":\"Broadcast\",\"link\":\"index.php?page_id=2060\"}}],\"name\":\"Subnav Kompetenzen\"}]}]}],\"name\":\"Kompetenzen Head\"},{\"type\":\"section\",\"props\":{\"style\":\"muted\",\"width\":\"default\",\"vertical_align\":\"middle\",\"title_position\":\"top-right\",\"title_rotation\":\"left\",\"title_breakpoint\":\"xl\",\"image_position\":\"center-center\",\"class\":\"\",\"padding_remove_top\":false,\"title\":\"\"},\"children\":[{\"type\":\"row\",\"props\":{\"layout\":\"2-5,3-5\",\"column_gap\":\"large\",\"match\":false},\"children\":[{\"type\":\"column\",\"props\":{\"image_position\":\"center-center\",\"media_overlay_gradient\":\"\",\"width_medium\":\"2-5\",\"position_sticky_breakpoint\":\"m\",\"vertical_align\":\"middle\"},\"children\":[{\"type\":\"panel\",\"props\":{\"link_text\":\"Alle Details im \\u00dcberblick\",\"title_hover_style\":\"reset\",\"title_element\":\"h1\",\"title_align\":\"top\",\"title_grid_width\":\"1-2\",\"title_grid_breakpoint\":\"m\",\"meta_style\":\"meta\",\"meta_align\":\"above-title\",\"image_align\":\"top\",\"image_grid_width\":\"1-2\",\"image_grid_breakpoint\":\"m\",\"image_svg_color\":\"emphasis\",\"link_style\":\"secondary\",\"margin\":\"remove-vertical\",\"title_style\":\"h1\",\"meta_color\":\"primary\",\"content_margin\":\"medium\",\"link_margin\":\"medium\",\"maxwidth\":\"large\",\"maxwidth_breakpoint\":\"s\",\"title_link\":true,\"icon_width\":80,\"content_column_breakpoint\":\"m\",\"meta_element\":\"div\",\"meta\":\"\",\"title\":\"Professionelle Videokonferenz \",\"content\":\"\n\n<p class=\\\"p1\\\">Dank der Verf\\u00fcgbarkeit unserer aktuellen technischen Ausstattung sind wir in der Lage, Ihre Veranstaltung in Form professioneller Videokonferenzen durchzuf\\u00fchren \\u2013 ob in Ihren vorhandenen Firmenr\\u00e4umlichkeiten oder in einer daf\\u00fcr ausgesuchten Location. Wir passen uns und unsere Technik den jeweiligen Rahmenbedingungen an, bei gleichbleibender hoher Qualit\\u00e4t.<span class=\\\"Apple-converted-space\\\">\\u00a0<\\\/span><\\\/p>\",\"link\":\"\",\"title_color\":\"background\"}}]},{\"type\":\"column\",\"props\":{\"image_position\":\"center-center\",\"media_overlay_gradient\":\"\",\"vertical_align\":\"middle\",\"padding\":\"none\",\"width_medium\":\"3-5\",\"position_sticky_breakpoint\":\"m\"},\"children\":[{\"type\":\"slideshow\",\"props\":{\"show_title\":false,\"show_meta\":true,\"show_content\":true,\"show_link\":true,\"show_thumbnail\":true,\"slideshow_min_height\":\"300\",\"slideshow_autoplay_pause\":true,\"nav\":\"thumbnav\",\"nav_position\":\"bottom-center\",\"nav_position_margin\":\"small\",\"nav_align\":\"center\",\"nav_breakpoint\":\"\",\"thumbnav_width\":\"100\",\"thumbnav_height\":\"75\",\"thumbnav_svg_color\":\"emphasis\",\"slidenav\":\"\",\"slidenav_margin\":\"medium\",\"slidenav_breakpoint\":\"s\",\"slidenav_outside_breakpoint\":\"xl\",\"overlay_position\":\"center-left\",\"overlay_animation\":\"parallax\",\"title_element\":\"h3\",\"meta_style\":\"meta\",\"meta_align\":\"below-title\",\"link_text\":\"Read more\",\"link_style\":\"default\",\"margin\":\"remove-vertical\",\"slideshow_height\":\"\",\"text_color\":\"light\",\"slideshow_box_shadow\":\"medium\",\"slideshow_box_decoration\":\"shadow\",\"slideshow_animation\":\"\",\"slideshow_kenburns\":\"\",\"nav_margin\":\"\",\"nav_color\":\"\",\"slidenav_outside_color\":\"\",\"overlay_container\":\"\",\"overlay_container_padding\":\"\",\"overlay_width\":\"\",\"container_padding_remove\":false,\"css\":\"@media (max-width: 959px) {\\n    \\n    .el-element.uk-container-item-padding-remove-left {\\n        width: 100%;\\n        margin-left: 0;\\n    }\\n    \\n}\",\"slideshow_autoplay\":true,\"slideshow_autoplay_interval\":\"10\",\"meta_element\":\"div\",\"nav_below\":false,\"nav_vertical\":false,\"slideshow_ratio\":\"6:4\",\"slideshow_max_height\":\"\",\"thumbnav_nowrap\":true},\"children\":[{\"type\":\"slideshow_item\",\"props\":{\"image\":\"wp-content\\\/uploads\\\/2022\\\/09\\\/DSC01722.jpg\"}},{\"type\":\"slideshow_item\",\"props\":{\"title\":\"DSC00202\",\"image\":\"wp-content\\\/uploads\\\/2022\\\/01\\\/DSC00202-scaled.jpg\"}}],\"name\":\"\"}]}]}],\"name\":\"Citystage RB\"},{\"type\":\"section\",\"props\":{\"style\":\"default\",\"width\":\"default\",\"vertical_align\":\"middle\",\"title_position\":\"top-right\",\"title_rotation\":\"left\",\"title_breakpoint\":\"xl\",\"image_position\":\"center-center\",\"class\":\"\",\"padding_remove_top\":false,\"title\":\"\",\"padding_remove_horizontal\":false},\"children\":[{\"type\":\"row\",\"props\":{\"layout\":\"2-5,3-5\",\"column_gap\":\"large\",\"match\":false},\"children\":[{\"type\":\"column\",\"props\":{\"image_position\":\"center-center\",\"media_overlay_gradient\":\"\",\"vertical_align\":\"middle\",\"width_medium\":\"2-5\",\"position_sticky_breakpoint\":\"m\"},\"children\":[{\"type\":\"panel\",\"props\":{\"link_text\":\"Alle Details im \\u00dcberblick\",\"title_hover_style\":\"reset\",\"title_element\":\"h1\",\"title_align\":\"top\",\"title_grid_width\":\"1-2\",\"title_grid_breakpoint\":\"m\",\"meta_style\":\"meta\",\"meta_align\":\"above-title\",\"image_align\":\"top\",\"image_grid_width\":\"1-2\",\"image_grid_breakpoint\":\"m\",\"image_svg_color\":\"emphasis\",\"link_style\":\"secondary\",\"margin\":\"remove-vertical\",\"title_style\":\"h1\",\"meta_color\":\"primary\",\"content_margin\":\"medium\",\"link_margin\":\"medium\",\"maxwidth\":\"large\",\"maxwidth_breakpoint\":\"s\",\"title_link\":true,\"icon_width\":80,\"content_column_breakpoint\":\"m\",\"meta_element\":\"div\",\"meta\":\"\",\"title\":\"Hybride Eventl\\u00f6sungen\",\"content\":\"\n\n<p class=\\\"p1\\\">Dem Wandel vom station\\u00e4ren ins mobile Arbeiten in Form von Home Office und Arbeitsplatzsharing tragen wir durch den Einsatz individuell passender Hybridl\\u00f6sungen Rechnungen. Wir stellen sicher, dass sie all Ihre gew\\u00fcnschte Zielgruppen im virtuellen Raum ansprechen und erreichen k\\u00f6nnen. Weniger Aufwand, h\\u00f6here Reichweite \\u2013 wir tragen technisch gerne dazu bei.<span class=\\\"Apple-converted-space\\\">\\u00a0<\\\/span><\\\/p>\",\"link\":\"\",\"title_color\":\"background\"}}]},{\"type\":\"column\",\"props\":{\"image_position\":\"center-center\",\"media_overlay_gradient\":\"\",\"vertical_align\":\"middle\",\"padding\":\"none\",\"width_medium\":\"3-5\",\"position_sticky_breakpoint\":\"m\"},\"children\":[{\"type\":\"slideshow\",\"props\":{\"show_title\":false,\"show_meta\":true,\"show_content\":true,\"show_link\":true,\"show_thumbnail\":true,\"slideshow_min_height\":\"300\",\"slideshow_autoplay_pause\":true,\"nav\":\"thumbnav\",\"nav_position\":\"bottom-center\",\"nav_position_margin\":\"small\",\"nav_align\":\"center\",\"nav_breakpoint\":\"\",\"thumbnav_width\":\"100\",\"thumbnav_height\":\"75\",\"thumbnav_svg_color\":\"emphasis\",\"slidenav\":\"\",\"slidenav_margin\":\"medium\",\"slidenav_breakpoint\":\"s\",\"slidenav_outside_breakpoint\":\"xl\",\"overlay_position\":\"center-left\",\"overlay_animation\":\"parallax\",\"title_element\":\"h3\",\"meta_style\":\"meta\",\"meta_align\":\"below-title\",\"link_text\":\"Read more\",\"link_style\":\"default\",\"margin\":\"remove-vertical\",\"slideshow_height\":\"\",\"text_color\":\"light\",\"slideshow_box_shadow\":\"large\",\"slideshow_box_decoration\":\"shadow\",\"slideshow_animation\":\"\",\"slideshow_kenburns\":\"\",\"nav_margin\":\"\",\"nav_color\":\"\",\"slidenav_outside_color\":\"\",\"overlay_container\":\"\",\"overlay_container_padding\":\"\",\"overlay_width\":\"\",\"container_padding_remove\":true,\"image_width\":\"100%\",\"css\":\"@media (max-width: 959px) {\\n    \\n    .el-element.uk-container-item-padding-remove-left {\\n        width: 100%;\\n        margin-left: 0;\\n    }\\n    \\n}\",\"slideshow_autoplay\":true,\"slideshow_autoplay_interval\":\"10\",\"meta_element\":\"div\",\"slideshow_ratio\":\"6:4\",\"thumbnav_nowrap\":true},\"children\":[{\"type\":\"slideshow_item\",\"props\":{\"title\":\"DSC00095\",\"image\":\"wp-content\\\/uploads\\\/2022\\\/03\\\/DSC00095-scaled.jpg\"}}],\"name\":\"\"}]}]}],\"name\":\"\"},{\"type\":\"section\",\"props\":{\"style\":\"muted\",\"width\":\"default\",\"vertical_align\":\"middle\",\"title_position\":\"top-right\",\"title_rotation\":\"left\",\"title_breakpoint\":\"xl\",\"image_position\":\"center-center\",\"class\":\"\",\"padding_remove_top\":false,\"title\":\"\",\"padding_remove_horizontal\":false},\"children\":[{\"type\":\"row\",\"props\":{\"layout\":\"2-5,3-5\",\"column_gap\":\"large\",\"match\":false},\"children\":[{\"type\":\"column\",\"props\":{\"image_position\":\"center-center\",\"media_overlay_gradient\":\"\",\"vertical_align\":\"middle\",\"width_medium\":\"2-5\",\"position_sticky_breakpoint\":\"m\"},\"children\":[{\"type\":\"panel\",\"props\":{\"link_text\":\"Alle Details im \\u00dcberblick\",\"title_hover_style\":\"reset\",\"title_element\":\"h1\",\"title_align\":\"top\",\"title_grid_width\":\"1-2\",\"title_grid_breakpoint\":\"m\",\"meta_style\":\"meta\",\"meta_align\":\"above-title\",\"image_align\":\"top\",\"image_grid_width\":\"1-2\",\"image_grid_breakpoint\":\"m\",\"image_svg_color\":\"emphasis\",\"link_style\":\"secondary\",\"margin\":\"remove-vertical\",\"title_style\":\"h1\",\"meta_color\":\"primary\",\"content_margin\":\"small\",\"link_margin\":\"medium\",\"maxwidth\":\"large\",\"maxwidth_breakpoint\":\"s\",\"title_link\":true,\"icon_width\":80,\"content_column_breakpoint\":\"m\",\"meta_element\":\"div\",\"meta\":\"\",\"title\":\"Stream-Studiobau f\\u00fcr Ihre Firma \",\"content\":\"\",\"link\":\"\",\"title_color\":\"background\"}}]},{\"type\":\"column\",\"props\":{\"image_position\":\"center-center\",\"media_overlay_gradient\":\"\",\"vertical_align\":\"middle\",\"padding\":\"none\",\"width_medium\":\"3-5\",\"position_sticky_breakpoint\":\"m\"},\"children\":[{\"type\":\"slideshow\",\"props\":{\"show_title\":false,\"show_meta\":true,\"show_content\":true,\"show_link\":true,\"show_thumbnail\":true,\"slideshow_min_height\":\"300\",\"slideshow_autoplay_pause\":true,\"nav\":\"thumbnav\",\"nav_position\":\"bottom-center\",\"nav_position_margin\":\"medium\",\"nav_align\":\"center\",\"nav_breakpoint\":\"\",\"thumbnav_width\":\"100\",\"thumbnav_height\":\"75\",\"thumbnav_svg_color\":\"emphasis\",\"slidenav\":\"\",\"slidenav_margin\":\"medium\",\"slidenav_breakpoint\":\"s\",\"slidenav_outside_breakpoint\":\"xl\",\"overlay_position\":\"center-left\",\"overlay_animation\":\"parallax\",\"title_element\":\"h3\",\"meta_style\":\"meta\",\"meta_align\":\"below-title\",\"link_text\":\"Read more\",\"link_style\":\"default\",\"margin\":\"default\",\"slideshow_height\":\"\",\"text_color\":\"light\",\"slideshow_box_shadow\":\"large\",\"slideshow_box_decoration\":\"shadow\",\"slideshow_animation\":\"\",\"slideshow_kenburns\":\"\",\"nav_margin\":\"\",\"nav_color\":\"\",\"slidenav_outside_color\":\"\",\"overlay_container\":\"\",\"overlay_container_padding\":\"\",\"overlay_width\":\"\",\"container_padding_remove\":true,\"image_width\":\"1400\",\"css\":\"@media (max-width: 959px) {\\n    \\n    .el-element.uk-container-item-padding-remove-left {\\n        width: 100%;\\n        margin-left: 0;\\n    }\\n    \\n}\",\"slideshow_autoplay\":true,\"slideshow_autoplay_interval\":\"10\",\"meta_element\":\"div\",\"nav_below\":false,\"slideshow_ratio\":\"3:2\"},\"children\":[{\"type\":\"slideshow_item\",\"props\":{\"title\":\"a2496c20a866d0b0877e98bb0bef57b0\",\"image\":\"wp-content\\\/uploads\\\/2022\\\/04\\\/a2496c20a866d0b0877e98bb0bef57b0.jpg\"}},{\"type\":\"slideshow_item\",\"props\":{\"title\":\"DSC00152\",\"image\":\"wp-content\\\/uploads\\\/2022\\\/01\\\/DSC00152-scaled.jpg\"}},{\"type\":\"slideshow_item\",\"props\":{\"title\":\"bg-kamera\",\"image\":\"wp-content\\\/uploads\\\/2021\\\/05\\\/bg-kamera.jpg\"}}],\"name\":\"\"}]}]}],\"name\":\"\"},{\"type\":\"section\",\"props\":{\"style\":\"default\",\"width\":\"default\",\"vertical_align\":\"middle\",\"title_position\":\"top-left\",\"title_rotation\":\"left\",\"title_breakpoint\":\"xl\",\"image_position\":\"center-center\"},\"children\":[{\"type\":\"row\",\"children\":[{\"type\":\"column\",\"props\":{\"position_sticky_breakpoint\":\"m\",\"image_position\":\"center-center\",\"media_overlay_gradient\":\"\"},\"children\":[]}]}]}],\"version\":\"2.7.22\"} --><\/p>\n","protected":false},"excerpt":{"rendered":"<p>Streaming- und Videoproduktion Unsere technische Ausstattung garantiert eine eine Medienproduktion auf h\u00f6chstem Niveau bei gleichzeitigen Sparpotentialen f\u00fcr unsere Kunden, beispielsweise bei Reise- und \u00dcbernachtungskosten. Dies geht Hand und Hand mit der nachhaltigen Schonung von Ressourcen. Ihre Mitarbeiter*innen k\u00f6nnen vor Ort weiter arbeiten und verlieren keine Arbeitsstunden durch Reiseaktivit\u00e4ten; das Risiko einer pandemiebedingten Infektion wird reduziert.\u00a0 [&hellip;]<\/p>\n","protected":false},"author":1,"featured_media":0,"parent":0,"menu_order":0,"comment_status":"closed","ping_status":"closed","template":"","meta":{"footnotes":""},"class_list":["post-2056","page","type-page","status-publish","hentry"],"_links":{"self":[{"href":"https:\/\/avt-events.com\/index.php?rest_route=\/wp\/v2\/pages\/2056","targetHints":{"allow":["GET"]}}],"collection":[{"href":"https:\/\/avt-events.com\/index.php?rest_route=\/wp\/v2\/pages"}],"about":[{"href":"https:\/\/avt-events.com\/index.php?rest_route=\/wp\/v2\/types\/page"}],"author":[{"embeddable":true,"href":"https:\/\/avt-events.com\/index.php?rest_route=\/wp\/v2\/users\/1"}],"replies":[{"embeddable":true,"href":"https:\/\/avt-events.com\/index.php?rest_route=%2Fwp%2Fv2%2Fcomments&post=2056"}],"version-history":[{"count":15,"href":"https:\/\/avt-events.com\/index.php?rest_route=\/wp\/v2\/pages\/2056\/revisions"}],"predecessor-version":[{"id":2358,"href":"https:\/\/avt-events.com\/index.php?rest_route=\/wp\/v2\/pages\/2056\/revisions\/2358"}],"wp:attachment":[{"href":"https:\/\/avt-events.com\/index.php?rest_route=%2Fwp%2Fv2%2Fmedia&parent=2056"}],"curies":[{"name":"wp","href":"https:\/\/api.w.org\/{rel}","templated":true}]}}