{"id":2058,"date":"2022-04-11T14:15:17","date_gmt":"2022-04-11T12:15:17","guid":{"rendered":"http:\/\/avt.audio\/?page_id=2058"},"modified":"2022-08-23T12:44:49","modified_gmt":"2022-08-23T10:44:49","slug":"vertrieb-und-service","status":"publish","type":"page","link":"https:\/\/avt-events.com\/?page_id=2058","title":{"rendered":"Vertrieb und Service"},"content":{"rendered":"<p><img decoding=\"async\" src=\"\/wp-content\/uploads\/2022\/04\/AVT-Rhamen-bg.png\" alt=\"\"><\/p>\n<h1>Vertrieb und Service<\/h1>\n<div>\n<p><span>Neben unseren Leistungen f\u00fcr mobile B\u00fchnen, Veranstaltungstechnik und Broadcast bieten wir den Vertrieb von Produkten aus der Veranstaltungsbranche, wie auch einen Fullservice f\u00fcr Veranstaltungsst\u00e4tten an.\u00a0<\/span><\/p>\n<\/div>\n<ul>\n<li>\n        <a href=\"\/index.php?page_id=2032\">Veranstaltungstechnik<\/a>\n    <\/li>\n<li>\n        <a href=\"\/index.php?page_id=2056\">Streaming- und Videoproduktion<\/a>\n    <\/li>\n<li>\n        <a href=\"\/index.php?page_id=2012\">B\u00fchnen und Podesterie<\/a>\n    <\/li>\n<li>\n        <a href=\"\/index.php?page_id=2058\">Vertrieb und Service<\/a>\n    <\/li>\n<li>\n        <a href=\"\/index.php?page_id=2059\">Medientechnik<\/a>\n    <\/li>\n<li>\n        <a href=\"\/index.php?page_id=2060\">Broadcast<\/a>\n    <\/li>\n<\/ul>\n<div>\n<h1>Installation von Ton- und Lichttechnik f\u00fcr Veranstaltungsst\u00e4tten und Konferenzr\u00e4umen<\/h1>\n<div>\n<p class=\"font_8\"><span><span class=\"color_11\">Eine Veranstaltungsst\u00e4tte bringt viel Verantwortung und Arbeit mit sich. Warum dies nicht auf einen Betrieb auslagern, der in diesem Bereich bestens ausgebildet und immer auf dem aktuellen Stand ist?!<\/span><\/span><\/p>\n<p class=\"font_8\">\n<p class=\"font_8\"><span><span class=\"color_11\">Unser Full-Service beinhaltet:<\/span><\/span><\/p>\n<ul class=\"font_8\">\n<li>\n<p class=\"font_8\"><span><span class=\"color_11\">24\/7 Bereitschaft unseres Fachpersonals<\/span><\/span><\/p>\n<\/li>\n<li>\n<p class=\"font_8\"><span><span class=\"color_11\">Wartung, Betreuung und Beratung f\u00fcr technische Anlagen<\/span><\/span><\/p>\n<\/li>\n<li>\n<p class=\"font_8\"><span><span class=\"color_11\">Bereitstellung von extra Equipment \u00a0f\u00fcr bestimmte Anforderungen<\/span><\/span><span style=\"color: #ffffff;\"><\/span><\/p>\n<\/li>\n<li>\n<p class=\"font_8\">Soforthilfe und Ersatzequipment bei technischen Problemen<\/p>\n<\/li>\n<\/ul>\n<\/div>\n<\/div>\n<ul>\n<li>\n<p>        <img decoding=\"async\" src=\"\/wp-content\/uploads\/2022\/04\/910e79de35f2759b3bfce630959996c9.jpg\" alt=\"\"><\/p>\n<h3>910e79de35f2759b3bfce630959996c9<\/h3>\n<\/li>\n<li>\n<p>        <img decoding=\"async\" src=\"\/wp-content\/uploads\/2022\/04\/d348ef_ed3649264a5a431485d0ff8aaee630c6.webp\" alt=\"\"><\/p>\n<h3>d348ef_ed3649264a5a431485d0ff8aaee630c6<\/h3>\n<\/li>\n<\/ul>\n<p><!--more--><br \/>\n<!-- {\"name\":\"KOMP Bilder kleiner\",\"type\":\"layout\",\"children\":[{\"type\":\"section\",\"props\":{\"style\":\"default\",\"width\":\"default\",\"vertical_align\":\"middle\",\"title_position\":\"top-left\",\"title_rotation\":\"left\",\"title_breakpoint\":\"xl\",\"image_position\":\"center-center\",\"padding\":\"large\",\"padding_remove_bottom\":false,\"header_transparent\":\"dark\",\"overlap\":false,\"title\":\"\"},\"children\":[{\"type\":\"row\",\"props\":{\"column_gap\":\"collapse\"},\"children\":[{\"type\":\"column\",\"props\":{\"image_position\":\"center-center\",\"media_overlay_gradient\":\"\",\"width_medium\":\"\",\"position_sticky_breakpoint\":\"m\"},\"children\":[{\"type\":\"image\",\"props\":{\"margin\":\"default\",\"image_svg_color\":\"emphasis\",\"image\":\"wp-content\\\/uploads\\\/2022\\\/04\\\/AVT-Rhamen-bg.png\",\"image_width\":\"700\",\"image_svg_inline\":true,\"image_svg_animate\":false,\"position\":\"absolute\",\"position_left\":\"0vw\",\"position_top\":\"-90\",\"visibility\":\"m\",\"position_z_index\":\"0\",\"animation\":\"fade\",\"text_align\":\"right\"}},{\"type\":\"headline\",\"props\":{\"title_element\":\"h1\",\"title_style\":\"heading-medium\",\"title_color\":\"background\",\"content\":\"Vertrieb und Service\",\"position\":\"relative\"}},{\"type\":\"text\",\"props\":{\"margin\":\"default\",\"column_breakpoint\":\"m\",\"content\":\"\n\n<p><span>Neben unseren Leistungen f\\u00fcr mobile B\\u00fchnen, Veranstaltungstechnik und Broadcast bieten wir den Vertrieb von Produkten aus der Veranstaltungsbranche, wie auch einen Fullservice f\\u00fcr Veranstaltungsst\\u00e4tten an.\\u00a0<\\\/span><\\\/p>\",\"dropcap\":false,\"text_style\":\"lead\"}},{\"type\":\"subnav\",\"props\":{\"subnav_style\":\"tab\",\"position\":\"relative\",\"position_z_index\":\"1\"},\"children\":[{\"type\":\"subnav_item\",\"props\":{\"content\":\"Veranstaltungstechnik\",\"link\":\"index.php?page_id=2032\",\"active\":false}},{\"type\":\"subnav_item\",\"props\":{\"content\":\"Streaming- und Videoproduktion\",\"link\":\"index.php?page_id=2056\"}},{\"type\":\"subnav_item\",\"props\":{\"content\":\"B\\u00fchnen und Podesterie\",\"link\":\"index.php?page_id=2012\",\"active\":false}},{\"type\":\"subnav_item\",\"props\":{\"content\":\"Vertrieb und Service\",\"link\":\"index.php?page_id=2058\",\"active\":true}},{\"type\":\"subnav_item\",\"props\":{\"content\":\"Medientechnik\",\"link\":\"index.php?page_id=2059\"}},{\"type\":\"subnav_item\",\"props\":{\"content\":\"Broadcast\",\"link\":\"index.php?page_id=2060\"}}],\"name\":\"Subnav Kompetenzen\"}]}]}],\"name\":\"Willkommen\",\"modified\":\"2021-04-22T08:15:52.231Z\"},{\"type\":\"section\",\"props\":{\"style\":\"muted\",\"width\":\"default\",\"vertical_align\":\"middle\",\"title_position\":\"top-right\",\"title_rotation\":\"left\",\"title_breakpoint\":\"xl\",\"image_position\":\"center-center\",\"class\":\"\",\"padding_remove_top\":false,\"title\":\"\"},\"children\":[{\"type\":\"row\",\"props\":{\"layout\":\"2-5,3-5\",\"column_gap\":\"large\",\"match\":false},\"children\":[{\"type\":\"column\",\"props\":{\"image_position\":\"center-center\",\"media_overlay_gradient\":\"\",\"width_medium\":\"2-5\",\"position_sticky_breakpoint\":\"m\",\"vertical_align\":\"middle\"},\"children\":[{\"type\":\"panel\",\"props\":{\"link_text\":\"Alle Details im \\u00dcberblick\",\"title_hover_style\":\"reset\",\"title_element\":\"h1\",\"title_align\":\"top\",\"title_grid_width\":\"1-2\",\"title_grid_breakpoint\":\"m\",\"meta_style\":\"meta\",\"meta_align\":\"above-title\",\"image_align\":\"top\",\"image_grid_width\":\"1-2\",\"image_grid_breakpoint\":\"m\",\"image_svg_color\":\"emphasis\",\"link_style\":\"secondary\",\"margin\":\"remove-vertical\",\"title_style\":\"h1\",\"meta_color\":\"primary\",\"content_margin\":\"medium\",\"link_margin\":\"medium\",\"maxwidth\":\"large\",\"maxwidth_breakpoint\":\"s\",\"title_link\":true,\"icon_width\":80,\"content_column_breakpoint\":\"m\",\"meta_element\":\"div\",\"meta\":\"\",\"title\":\"Installation von Ton- und Lichttechnik f\\u00fcr Veranstaltungsst\\u00e4tten und Konferenzr\\u00e4umen\",\"content\":\"\n\n<p class=\\\"font_8\\\"><span><span class=\\\"color_11\\\">Eine Veranstaltungsst\\u00e4tte bringt viel Verantwortung und Arbeit mit sich. Warum dies nicht auf einen Betrieb auslagern, der in diesem Bereich bestens ausgebildet und immer auf dem aktuellen Stand ist?!<\\\/span><\\\/span><\\\/p>\\n\n\n<p class=\\\"font_8\\\"><\\\/p>\\n\n\n<p class=\\\"font_8\\\"><span><span class=\\\"color_11\\\">Unser Full-Service beinhaltet:<\\\/span><\\\/span><\\\/p>\\n\n\n<ul class=\\\"font_8\\\">\\n\n\n<li>\\n\n\n<p class=\\\"font_8\\\"><span><span class=\\\"color_11\\\">24\\\/7 Bereitschaft unseres Fachpersonals<\\\/span><\\\/span><\\\/p>\\n<\\\/li>\\n\n\n<li>\\n\n\n<p class=\\\"font_8\\\"><span><span class=\\\"color_11\\\">Wartung, Betreuung und Beratung f\\u00fcr technische Anlagen<\\\/span><\\\/span><\\\/p>\\n<\\\/li>\\n\n\n<li>\\n\n\n<p class=\\\"font_8\\\"><span><span class=\\\"color_11\\\">Bereitstellung von extra Equipment \\u00a0f\\u00fcr bestimmte Anforderungen<\\\/span><\\\/span><span style=\\\"color: #ffffff;\\\"><\\\/span><\\\/p>\\n<\\\/li>\\n\n\n<li>\\n\n\n<p class=\\\"font_8\\\">Soforthilfe und Ersatzequipment bei technischen Problemen<\\\/p>\\n<\\\/li>\\n<\\\/ul>\",\"link\":\"\",\"title_color\":\"background\"}}]},{\"type\":\"column\",\"props\":{\"image_position\":\"center-center\",\"media_overlay_gradient\":\"\",\"vertical_align\":\"middle\",\"padding\":\"none\",\"width_medium\":\"3-5\",\"position_sticky_breakpoint\":\"m\"},\"children\":[{\"type\":\"slideshow\",\"props\":{\"show_title\":false,\"show_meta\":true,\"show_content\":true,\"show_link\":true,\"show_thumbnail\":true,\"slideshow_min_height\":\"300\",\"slideshow_autoplay_pause\":true,\"nav\":\"thumbnav\",\"nav_position\":\"bottom-center\",\"nav_position_margin\":\"small\",\"nav_align\":\"center\",\"nav_breakpoint\":\"\",\"thumbnav_width\":\"100\",\"thumbnav_height\":\"75\",\"thumbnav_svg_color\":\"emphasis\",\"slidenav\":\"\",\"slidenav_margin\":\"medium\",\"slidenav_breakpoint\":\"s\",\"slidenav_outside_breakpoint\":\"xl\",\"overlay_position\":\"center-left\",\"overlay_animation\":\"parallax\",\"title_element\":\"h3\",\"meta_style\":\"meta\",\"meta_align\":\"below-title\",\"link_text\":\"Read more\",\"link_style\":\"default\",\"margin\":\"remove-vertical\",\"slideshow_height\":\"\",\"text_color\":\"light\",\"slideshow_box_shadow\":\"medium\",\"slideshow_box_decoration\":\"shadow\",\"slideshow_animation\":\"\",\"slideshow_kenburns\":\"\",\"nav_margin\":\"\",\"nav_color\":\"\",\"slidenav_outside_color\":\"\",\"overlay_container\":\"\",\"overlay_container_padding\":\"\",\"overlay_width\":\"\",\"container_padding_remove\":false,\"css\":\"@media (max-width: 959px) {\\n    \\n    .el-element.uk-container-item-padding-remove-left {\\n        width: 100%;\\n        margin-left: 0;\\n    }\\n    \\n}\",\"slideshow_autoplay\":true,\"slideshow_autoplay_interval\":\"10\",\"meta_element\":\"div\",\"nav_below\":false,\"nav_vertical\":false,\"slideshow_ratio\":\"6:4\",\"slideshow_max_height\":\"\",\"thumbnav_nowrap\":true},\"children\":[{\"type\":\"slideshow_item\",\"props\":{\"title\":\"910e79de35f2759b3bfce630959996c9\",\"image\":\"wp-content\\\/uploads\\\/2022\\\/04\\\/910e79de35f2759b3bfce630959996c9.jpg\"}},{\"type\":\"slideshow_item\",\"props\":{\"title\":\"d348ef_ed3649264a5a431485d0ff8aaee630c6\",\"image\":\"wp-content\\\/uploads\\\/2022\\\/04\\\/d348ef_ed3649264a5a431485d0ff8aaee630c6.webp\"}}],\"name\":\"\"}]}]}],\"name\":\"Citystage RB\"},{\"type\":\"section\",\"props\":{\"style\":\"muted\",\"width\":\"default\",\"vertical_align\":\"middle\",\"title_position\":\"top-left\",\"title_rotation\":\"left\",\"title_breakpoint\":\"xl\",\"image_position\":\"center-center\"},\"children\":[{\"type\":\"row\",\"children\":[{\"type\":\"column\",\"props\":{\"position_sticky_breakpoint\":\"m\",\"image_position\":\"center-center\",\"media_overlay_gradient\":\"\"},\"children\":[]}]}]}],\"version\":\"2.7.22\"} --><\/p>\n","protected":false},"excerpt":{"rendered":"<p>Vertrieb und Service Neben unseren Leistungen f\u00fcr mobile B\u00fchnen, Veranstaltungstechnik und Broadcast bieten wir den Vertrieb von Produkten aus der Veranstaltungsbranche, wie auch einen Fullservice f\u00fcr Veranstaltungsst\u00e4tten an.\u00a0 Veranstaltungstechnik Streaming- und Videoproduktion B\u00fchnen und Podesterie Vertrieb und Service Medientechnik Broadcast Installation von Ton- und Lichttechnik f\u00fcr Veranstaltungsst\u00e4tten und Konferenzr\u00e4umen Eine Veranstaltungsst\u00e4tte bringt viel Verantwortung und [&hellip;]<\/p>\n","protected":false},"author":1,"featured_media":0,"parent":0,"menu_order":0,"comment_status":"closed","ping_status":"closed","template":"","meta":{"footnotes":""},"class_list":["post-2058","page","type-page","status-publish","hentry"],"_links":{"self":[{"href":"https:\/\/avt-events.com\/index.php?rest_route=\/wp\/v2\/pages\/2058","targetHints":{"allow":["GET"]}}],"collection":[{"href":"https:\/\/avt-events.com\/index.php?rest_route=\/wp\/v2\/pages"}],"about":[{"href":"https:\/\/avt-events.com\/index.php?rest_route=\/wp\/v2\/types\/page"}],"author":[{"embeddable":true,"href":"https:\/\/avt-events.com\/index.php?rest_route=\/wp\/v2\/users\/1"}],"replies":[{"embeddable":true,"href":"https:\/\/avt-events.com\/index.php?rest_route=%2Fwp%2Fv2%2Fcomments&post=2058"}],"version-history":[{"count":6,"href":"https:\/\/avt-events.com\/index.php?rest_route=\/wp\/v2\/pages\/2058\/revisions"}],"predecessor-version":[{"id":2341,"href":"https:\/\/avt-events.com\/index.php?rest_route=\/wp\/v2\/pages\/2058\/revisions\/2341"}],"wp:attachment":[{"href":"https:\/\/avt-events.com\/index.php?rest_route=%2Fwp%2Fv2%2Fmedia&parent=2058"}],"curies":[{"name":"wp","href":"https:\/\/api.w.org\/{rel}","templated":true}]}}