{"id":2059,"date":"2022-04-11T14:15:17","date_gmt":"2022-04-11T12:15:17","guid":{"rendered":"http:\/\/avt.audio\/?page_id=2059"},"modified":"2022-08-31T14:48:40","modified_gmt":"2022-08-31T12:48:40","slug":"medientechnik","status":"publish","type":"page","link":"https:\/\/avt-events.com\/?page_id=2059","title":{"rendered":"Medientechnik"},"content":{"rendered":"<p><img decoding=\"async\" src=\"\/wp-content\/uploads\/2022\/04\/AVT-Rhamen-bg.png\" alt=\"\"><\/p>\n<h1>Medientechnik<\/h1>\n<div>\n<p><span>Veranstaltungen mit hochaufl\u00f6sende Screens, Projektionen oder Videowalls sind inzwischen Standard. Daher bieten wir Ihnen gerne auch dazu eine passende L\u00f6sungen f\u00fcr Ihr Projekt. Im Rahmen von Konferenztechnik, Video- und Projektionstechnik, Displays, Videowalls und kompletten Pixelmappings bekommen Sie mit uns eine gro\u00dfe Auswahl an medientechnischen M\u00f6glichkeiten und dessen Umsetzung.<\/span><\/p>\n<\/div>\n<ul>\n<li>\n        <a href=\"\/index.php?page_id=2032\">Veranstaltungstechnik<\/a>\n    <\/li>\n<li>\n        <a href=\"\/index.php?page_id=2056\">Streaming- und Videoproduktion<\/a>\n    <\/li>\n<li>\n        <a href=\"\/index.php?page_id=2012\">B\u00fchnen und Podesterie<\/a>\n    <\/li>\n<li>\n        <a href=\"\/index.php?page_id=2058\">Vertrieb und Service<\/a>\n    <\/li>\n<li>\n        <a href=\"\/index.php?page_id=2059\">Medientechnik<\/a>\n    <\/li>\n<li>\n        <a href=\"\/index.php?page_id=2060\">Broadcast<\/a>\n    <\/li>\n<\/ul>\n<div>\n<h1>Konferenztechnik<\/h1>\n<div>\n<p><span>Konferenzen sind mit uns nicht mehr Orts- und Teilnehmergebunden. Sie k\u00f6nnen uns vorgeben, wo sie stattfinden soll und mit wie viele Teilnehmer*innen. Anschlie\u00dfend empfehlen wir Ihnen eine passende Ausstattung und sorgen am Tag der Konferenz f\u00fcr eine zuverl\u00e4ssige und qualitativ hochwertige Verst\u00e4ndlichkeit Ihrer G\u00e4ste und Referenten.<\/span><\/p>\n<\/div>\n<\/div>\n<ul>\n<li>\n<p>        <img decoding=\"async\" src=\"\/wp-content\/uploads\/2022\/08\/DSC02443.jpg\" alt=\"\"><\/p>\n<h3>DSC02443<\/h3>\n<\/li>\n<li>\n<p>        <img decoding=\"async\" src=\"\/wp-content\/uploads\/2022\/08\/DSC02470.jpg\" alt=\"\"><\/p>\n<h3>DSC02470<\/h3>\n<\/li>\n<li>\n<p>        <img decoding=\"async\" src=\"\/wp-content\/uploads\/2022\/05\/DSC02194-scaled.jpg\" alt=\"\"><\/p>\n<h3>DSC02194<\/h3>\n<\/li>\n<li>\n<p>        <img decoding=\"async\" src=\"\/wp-content\/uploads\/2022\/08\/DSC02427.jpg\" alt=\"\"><\/p>\n<h3>DSC02427<\/h3>\n<\/li>\n<li>\n<p>        <img decoding=\"async\" src=\"\/wp-content\/uploads\/2022\/08\/DSC02475.jpg\" alt=\"\"><\/p>\n<h3>DSC02475<\/h3>\n<\/li>\n<li>\n<p>        <img decoding=\"async\" src=\"\/wp-content\/uploads\/2022\/05\/DSC02200-scaled.jpg\" alt=\"\"><\/p>\n<h3>DSC02200<\/h3>\n<\/li>\n<\/ul>\n<div>\n<h1>Video und Projektionstechnik <\/h1>\n<div>\n<p class=\"font_8\"><span>Pr\u00e4sentationen sind vielf\u00e4ltig geworden. W\u00e4hrend man vor einige Jahren nur eine PowerPoint-Pr\u00e4sentation mit 10 Folien hatte gibt es inzwischen viele andere Anbieter und Tools um das eigene Projekt, die Jahreszahlen oder ein Produkt m\u00f6glichst interessant f\u00fcr seine Teilnehmer*innen zu gestalten. Mit unseren Projektoren, Bildschirmen oder f\u00fcr gr\u00f6\u00dfere Veranstaltungen auch unsere Videowall m\u00fcssen Sie sich nicht darum sorgen, ob die Pr\u00e4sentation aufgrund von Helligkeit, Gr\u00f6\u00dfe oder sonstigen Einfl\u00fcssen zu erkennen sein wird.\u00a0<\/span><\/p>\n<p class=\"font_8\">\n<\/div>\n<\/div>\n<ul>\n<li>\n<p>        <img decoding=\"async\" src=\"\/wp-content\/uploads\/2022\/05\/DSC02197-scaled.jpg\" alt=\"\"><\/p>\n<h3>DSC02197<\/h3>\n<\/li>\n<li>\n<p>        <img decoding=\"async\" src=\"\/wp-content\/uploads\/2022\/04\/d348ef_5f1405a6d69c47219fbb5c8b189a0b72.webp\" alt=\"\"><\/p>\n<h3>d348ef_5f1405a6d69c47219fbb5c8b189a0b72<\/h3>\n<\/li>\n<li>\n<p>        <img decoding=\"async\" src=\"\/wp-content\/uploads\/2022\/08\/DSC02483.jpg\" alt=\"\"><\/p>\n<h3>DSC02483<\/h3>\n<\/li>\n<\/ul>\n<div>\n<h1>Displays<\/h1>\n<div>\n<p><span>Im Rahmen von Live-\u00dcbertragungen, Pr\u00e4sentationen und Hybriden-Events bieten Displays von 50\u201c bis 200\u201c variable L\u00f6sungen. Aber auch f\u00fcr normale Anzeigen wie, Veranstaltungsabl\u00e4ufe, Produktinformationen, Hygiene-Anweisungen werden Displays gerne verwendet.\u00a0<\/span><\/p>\n<\/div>\n<\/div>\n<ul>\n<li>\n<p>        <img decoding=\"async\" src=\"\/wp-content\/uploads\/2022\/04\/d348ef_5f1405a6d69c47219fbb5c8b189a0b72.webp\" alt=\"\"><\/p>\n<h3>d348ef_5f1405a6d69c47219fbb5c8b189a0b72<\/h3>\n<\/li>\n<li>\n<p>        <img decoding=\"async\" src=\"\/wp-content\/uploads\/2022\/01\/DSC00122-scaled.jpg\" alt=\"\"><\/p>\n<h3>DSC00122<\/h3>\n<\/li>\n<\/ul>\n<div>\n<h1>Pixelmapping <\/h1>\n<div>\n<p class=\"font_8\"><span>Qualitativ hochwertige Beamer k\u00f6nnen mit der richtigen Hard- und Software inzwischen weitaus mehr, als eine Pr\u00e4sentation auf eine wei\u00dfe Leinwand werfen. Durch sogenanntes Pixelmapping k\u00f6nnen komplette H\u00e4userfronten, die Decke, B\u00f6den und W\u00e4nde einer Location in das Veranstaltungskonzept eingebunden werden. Der Gestaltung sind damit keine Grenzen mehr gesetzt.\u00a0 \u00a0 \u00a0<\/span><\/p>\n<\/div>\n<\/div>\n<div>\n<p>    <img decoding=\"async\" src=\"\/wp-content\/uploads\/2022\/03\/b74eb739664d07632533e72d969c62e6.jpeg\" alt=\"\"><\/p>\n<h3>avt_logo_neu_2022_v4<\/h3>\n<\/div>\n<p><!--more--><br \/>\n<!-- {\"name\":\"KOMP Bilder kleiner\",\"type\":\"layout\",\"children\":[{\"type\":\"section\",\"props\":{\"style\":\"default\",\"width\":\"default\",\"vertical_align\":\"middle\",\"title_position\":\"top-left\",\"title_rotation\":\"left\",\"title_breakpoint\":\"xl\",\"image_position\":\"center-center\",\"padding\":\"large\",\"padding_remove_bottom\":false,\"header_transparent\":\"dark\",\"overlap\":false,\"title\":\"\"},\"children\":[{\"type\":\"row\",\"props\":{\"column_gap\":\"collapse\"},\"children\":[{\"type\":\"column\",\"props\":{\"image_position\":\"center-center\",\"media_overlay_gradient\":\"\",\"width_medium\":\"\",\"position_sticky_breakpoint\":\"m\"},\"children\":[{\"type\":\"image\",\"props\":{\"margin\":\"default\",\"image_svg_color\":\"emphasis\",\"image\":\"wp-content\\\/uploads\\\/2022\\\/04\\\/AVT-Rhamen-bg.png\",\"image_width\":\"700\",\"image_svg_inline\":true,\"image_svg_animate\":false,\"position\":\"absolute\",\"position_left\":\"0vw\",\"position_top\":\"-90\",\"visibility\":\"m\",\"position_z_index\":\"0\",\"animation\":\"fade\",\"text_align\":\"right\"}},{\"type\":\"headline\",\"props\":{\"title_element\":\"h1\",\"title_style\":\"heading-medium\",\"title_color\":\"background\",\"content\":\"Medientechnik\",\"position\":\"relative\"}},{\"type\":\"text\",\"props\":{\"margin\":\"default\",\"column_breakpoint\":\"m\",\"content\":\"\n\n<p><span>Veranstaltungen mit hochaufl\\u00f6sende Screens, Projektionen oder Videowalls sind inzwischen Standard. Daher bieten wir Ihnen gerne auch dazu eine passende L\\u00f6sungen f\\u00fcr Ihr Projekt. Im Rahmen von Konferenztechnik, Video- und Projektionstechnik, Displays, Videowalls und kompletten Pixelmappings bekommen Sie mit uns eine gro\\u00dfe Auswahl an medientechnischen M\\u00f6glichkeiten und dessen Umsetzung.<\\\/span><\\\/p>\",\"dropcap\":false,\"text_style\":\"lead\"}},{\"type\":\"subnav\",\"props\":{\"subnav_style\":\"tab\",\"position\":\"relative\",\"position_z_index\":\"1\"},\"children\":[{\"type\":\"subnav_item\",\"props\":{\"content\":\"Veranstaltungstechnik\",\"link\":\"index.php?page_id=2032\",\"active\":false}},{\"type\":\"subnav_item\",\"props\":{\"content\":\"Streaming- und Videoproduktion\",\"link\":\"index.php?page_id=2056\"}},{\"type\":\"subnav_item\",\"props\":{\"content\":\"B\\u00fchnen und Podesterie\",\"link\":\"index.php?page_id=2012\",\"active\":false}},{\"type\":\"subnav_item\",\"props\":{\"content\":\"Vertrieb und Service\",\"link\":\"index.php?page_id=2058\"}},{\"type\":\"subnav_item\",\"props\":{\"content\":\"Medientechnik\",\"link\":\"index.php?page_id=2059\",\"active\":true}},{\"type\":\"subnav_item\",\"props\":{\"content\":\"Broadcast\",\"link\":\"index.php?page_id=2060\"}}],\"name\":\"Subnav Kompetenzen\"}]}]}],\"name\":\"Willkommen\",\"modified\":\"2021-04-22T08:15:52.231Z\"},{\"type\":\"section\",\"props\":{\"style\":\"muted\",\"width\":\"default\",\"vertical_align\":\"middle\",\"title_position\":\"top-right\",\"title_rotation\":\"left\",\"title_breakpoint\":\"xl\",\"image_position\":\"center-center\",\"class\":\"\",\"padding_remove_top\":false,\"title\":\"\"},\"children\":[{\"type\":\"row\",\"props\":{\"layout\":\"2-5,3-5\",\"column_gap\":\"large\",\"match\":false},\"children\":[{\"type\":\"column\",\"props\":{\"image_position\":\"center-center\",\"media_overlay_gradient\":\"\",\"width_medium\":\"2-5\",\"position_sticky_breakpoint\":\"m\",\"vertical_align\":\"middle\"},\"children\":[{\"type\":\"panel\",\"props\":{\"link_text\":\"Alle Details im \\u00dcberblick\",\"title_hover_style\":\"reset\",\"title_element\":\"h1\",\"title_align\":\"top\",\"title_grid_width\":\"1-2\",\"title_grid_breakpoint\":\"m\",\"meta_style\":\"meta\",\"meta_align\":\"above-title\",\"image_align\":\"top\",\"image_grid_width\":\"1-2\",\"image_grid_breakpoint\":\"m\",\"image_svg_color\":\"emphasis\",\"link_style\":\"secondary\",\"margin\":\"remove-vertical\",\"title_style\":\"h1\",\"meta_color\":\"primary\",\"content_margin\":\"medium\",\"link_margin\":\"medium\",\"maxwidth\":\"large\",\"maxwidth_breakpoint\":\"s\",\"title_link\":true,\"icon_width\":80,\"content_column_breakpoint\":\"m\",\"meta_element\":\"div\",\"meta\":\"\",\"title\":\"Konferenztechnik\",\"content\":\"\n\n<p><span>Konferenzen sind mit uns nicht mehr Orts- und Teilnehmergebunden. Sie k\\u00f6nnen uns vorgeben, wo sie stattfinden soll und mit wie viele Teilnehmer*innen. Anschlie\\u00dfend empfehlen wir Ihnen eine passende Ausstattung und sorgen am Tag der Konferenz f\\u00fcr eine zuverl\\u00e4ssige und qualitativ hochwertige Verst\\u00e4ndlichkeit Ihrer G\\u00e4ste und Referenten.<\\\/span><\\\/p>\",\"link\":\"\",\"title_color\":\"background\"}}]},{\"type\":\"column\",\"props\":{\"image_position\":\"center-center\",\"media_overlay_gradient\":\"\",\"vertical_align\":\"middle\",\"padding\":\"none\",\"width_medium\":\"3-5\",\"position_sticky_breakpoint\":\"m\"},\"children\":[{\"type\":\"slideshow\",\"props\":{\"show_title\":false,\"show_meta\":true,\"show_content\":true,\"show_link\":true,\"show_thumbnail\":true,\"slideshow_min_height\":\"300\",\"slideshow_autoplay_pause\":true,\"nav\":\"thumbnav\",\"nav_position\":\"bottom-center\",\"nav_position_margin\":\"small\",\"nav_align\":\"center\",\"nav_breakpoint\":\"\",\"thumbnav_width\":\"100\",\"thumbnav_height\":\"75\",\"thumbnav_svg_color\":\"emphasis\",\"slidenav\":\"\",\"slidenav_margin\":\"medium\",\"slidenav_breakpoint\":\"s\",\"slidenav_outside_breakpoint\":\"xl\",\"overlay_position\":\"center-left\",\"overlay_animation\":\"parallax\",\"title_element\":\"h3\",\"meta_style\":\"meta\",\"meta_align\":\"below-title\",\"link_text\":\"Read more\",\"link_style\":\"default\",\"margin\":\"remove-vertical\",\"slideshow_height\":\"\",\"text_color\":\"light\",\"slideshow_box_shadow\":\"medium\",\"slideshow_box_decoration\":\"shadow\",\"slideshow_animation\":\"\",\"slideshow_kenburns\":\"\",\"nav_margin\":\"\",\"nav_color\":\"\",\"slidenav_outside_color\":\"\",\"overlay_container\":\"\",\"overlay_container_padding\":\"\",\"overlay_width\":\"\",\"container_padding_remove\":false,\"css\":\"@media (max-width: 959px) {\\n    \\n    .el-element.uk-container-item-padding-remove-left {\\n        width: 100%;\\n        margin-left: 0;\\n    }\\n    \\n}\",\"slideshow_autoplay\":true,\"slideshow_autoplay_interval\":\"10\",\"meta_element\":\"div\",\"nav_below\":false,\"nav_vertical\":false,\"slideshow_ratio\":\"6:4\",\"slideshow_max_height\":\"\",\"thumbnav_nowrap\":true},\"children\":[{\"type\":\"slideshow_item\",\"props\":{\"title\":\"DSC02443\",\"image\":\"wp-content\\\/uploads\\\/2022\\\/08\\\/DSC02443.jpg\"}},{\"type\":\"slideshow_item\",\"props\":{\"title\":\"DSC02470\",\"image\":\"wp-content\\\/uploads\\\/2022\\\/08\\\/DSC02470.jpg\"}},{\"type\":\"slideshow_item\",\"props\":{\"title\":\"DSC02194\",\"image\":\"wp-content\\\/uploads\\\/2022\\\/05\\\/DSC02194-scaled.jpg\"}},{\"type\":\"slideshow_item\",\"props\":{\"title\":\"DSC02427\",\"image\":\"wp-content\\\/uploads\\\/2022\\\/08\\\/DSC02427.jpg\"}},{\"type\":\"slideshow_item\",\"props\":{\"title\":\"DSC02475\",\"image\":\"wp-content\\\/uploads\\\/2022\\\/08\\\/DSC02475.jpg\"}},{\"type\":\"slideshow_item\",\"props\":{\"title\":\"DSC02200\",\"image\":\"wp-content\\\/uploads\\\/2022\\\/05\\\/DSC02200-scaled.jpg\"}}],\"name\":\"\"}]}]}],\"name\":\"Citystage RB\"},{\"type\":\"section\",\"props\":{\"style\":\"default\",\"width\":\"default\",\"vertical_align\":\"middle\",\"title_position\":\"top-right\",\"title_rotation\":\"left\",\"title_breakpoint\":\"xl\",\"image_position\":\"center-center\",\"class\":\"\",\"padding_remove_top\":false,\"title\":\"\",\"padding_remove_horizontal\":false},\"children\":[{\"type\":\"row\",\"props\":{\"layout\":\"2-5,3-5\",\"column_gap\":\"large\",\"match\":false},\"children\":[{\"type\":\"column\",\"props\":{\"image_position\":\"center-center\",\"media_overlay_gradient\":\"\",\"vertical_align\":\"middle\",\"width_medium\":\"2-5\",\"position_sticky_breakpoint\":\"m\"},\"children\":[{\"type\":\"panel\",\"props\":{\"link_text\":\"Alle Details im \\u00dcberblick\",\"title_hover_style\":\"reset\",\"title_element\":\"h1\",\"title_align\":\"top\",\"title_grid_width\":\"1-2\",\"title_grid_breakpoint\":\"m\",\"meta_style\":\"meta\",\"meta_align\":\"above-title\",\"image_align\":\"top\",\"image_grid_width\":\"1-2\",\"image_grid_breakpoint\":\"m\",\"image_svg_color\":\"emphasis\",\"link_style\":\"secondary\",\"margin\":\"remove-vertical\",\"title_style\":\"h1\",\"meta_color\":\"primary\",\"content_margin\":\"medium\",\"link_margin\":\"medium\",\"maxwidth\":\"large\",\"maxwidth_breakpoint\":\"s\",\"title_link\":true,\"icon_width\":80,\"content_column_breakpoint\":\"m\",\"meta_element\":\"div\",\"meta\":\"\",\"title\":\"Video und Projektionstechnik \",\"content\":\"\n\n<p class=\\\"font_8\\\"><span>Pr\\u00e4sentationen sind vielf\\u00e4ltig geworden. W\\u00e4hrend man vor einige Jahren nur eine PowerPoint-Pr\\u00e4sentation mit 10 Folien hatte gibt es inzwischen viele andere Anbieter und Tools um das eigene Projekt, die Jahreszahlen oder ein Produkt m\\u00f6glichst interessant f\\u00fcr seine Teilnehmer*innen zu gestalten. Mit unseren Projektoren, Bildschirmen oder f\\u00fcr gr\\u00f6\\u00dfere Veranstaltungen auch unsere Videowall m\\u00fcssen Sie sich nicht darum sorgen, ob die Pr\\u00e4sentation aufgrund von Helligkeit, Gr\\u00f6\\u00dfe oder sonstigen Einfl\\u00fcssen zu erkennen sein wird.\\u00a0<\\\/span><\\\/p>\\n\n\n<p class=\\\"font_8\\\"><\\\/p>\",\"link\":\"\",\"title_color\":\"background\"}}]},{\"type\":\"column\",\"props\":{\"image_position\":\"center-center\",\"media_overlay_gradient\":\"\",\"vertical_align\":\"middle\",\"padding\":\"none\",\"width_medium\":\"3-5\",\"position_sticky_breakpoint\":\"m\"},\"children\":[{\"type\":\"slideshow\",\"props\":{\"show_title\":false,\"show_meta\":true,\"show_content\":true,\"show_link\":true,\"show_thumbnail\":true,\"slideshow_min_height\":\"300\",\"slideshow_autoplay_pause\":true,\"nav\":\"thumbnav\",\"nav_position\":\"bottom-center\",\"nav_position_margin\":\"small\",\"nav_align\":\"center\",\"nav_breakpoint\":\"\",\"thumbnav_width\":\"100\",\"thumbnav_height\":\"75\",\"thumbnav_svg_color\":\"emphasis\",\"slidenav\":\"\",\"slidenav_margin\":\"medium\",\"slidenav_breakpoint\":\"s\",\"slidenav_outside_breakpoint\":\"xl\",\"overlay_position\":\"center-left\",\"overlay_animation\":\"parallax\",\"title_element\":\"h3\",\"meta_style\":\"meta\",\"meta_align\":\"below-title\",\"link_text\":\"Read more\",\"link_style\":\"default\",\"margin\":\"remove-vertical\",\"slideshow_height\":\"\",\"text_color\":\"light\",\"slideshow_box_shadow\":\"large\",\"slideshow_box_decoration\":\"shadow\",\"slideshow_animation\":\"\",\"slideshow_kenburns\":\"\",\"nav_margin\":\"\",\"nav_color\":\"\",\"slidenav_outside_color\":\"\",\"overlay_container\":\"\",\"overlay_container_padding\":\"\",\"overlay_width\":\"\",\"container_padding_remove\":true,\"image_width\":\"100%\",\"css\":\"@media (max-width: 959px) {\\n    \\n    .el-element.uk-container-item-padding-remove-left {\\n        width: 100%;\\n        margin-left: 0;\\n    }\\n    \\n}\",\"slideshow_autoplay\":true,\"slideshow_autoplay_interval\":\"10\",\"meta_element\":\"div\",\"slideshow_ratio\":\"6:4\",\"thumbnav_nowrap\":true},\"children\":[{\"type\":\"slideshow_item\",\"props\":{\"title\":\"DSC02197\",\"image\":\"wp-content\\\/uploads\\\/2022\\\/05\\\/DSC02197-scaled.jpg\"}},{\"type\":\"slideshow_item\",\"props\":{\"title\":\"d348ef_5f1405a6d69c47219fbb5c8b189a0b72\",\"image\":\"wp-content\\\/uploads\\\/2022\\\/04\\\/d348ef_5f1405a6d69c47219fbb5c8b189a0b72.webp\"}},{\"type\":\"slideshow_item\",\"props\":{\"title\":\"DSC02483\",\"image\":\"wp-content\\\/uploads\\\/2022\\\/08\\\/DSC02483.jpg\"}}],\"name\":\"\"}]}]}],\"name\":\"\"},{\"type\":\"section\",\"props\":{\"style\":\"muted\",\"width\":\"default\",\"vertical_align\":\"middle\",\"title_position\":\"top-right\",\"title_rotation\":\"left\",\"title_breakpoint\":\"xl\",\"image_position\":\"center-center\",\"class\":\"\",\"padding_remove_top\":false,\"title\":\"\"},\"children\":[{\"type\":\"row\",\"props\":{\"layout\":\"2-5,3-5\",\"column_gap\":\"large\",\"match\":false},\"children\":[{\"type\":\"column\",\"props\":{\"image_position\":\"center-center\",\"media_overlay_gradient\":\"\",\"width_medium\":\"2-5\",\"position_sticky_breakpoint\":\"m\",\"vertical_align\":\"middle\"},\"children\":[{\"type\":\"panel\",\"props\":{\"link_text\":\"Alle Details im \\u00dcberblick\",\"title_hover_style\":\"reset\",\"title_element\":\"h1\",\"title_align\":\"top\",\"title_grid_width\":\"1-2\",\"title_grid_breakpoint\":\"m\",\"meta_style\":\"meta\",\"meta_align\":\"above-title\",\"image_align\":\"top\",\"image_grid_width\":\"1-2\",\"image_grid_breakpoint\":\"m\",\"image_svg_color\":\"emphasis\",\"link_style\":\"secondary\",\"margin\":\"remove-vertical\",\"title_style\":\"h1\",\"meta_color\":\"primary\",\"content_margin\":\"medium\",\"link_margin\":\"medium\",\"maxwidth\":\"large\",\"maxwidth_breakpoint\":\"s\",\"title_link\":true,\"icon_width\":80,\"content_column_breakpoint\":\"m\",\"meta_element\":\"div\",\"meta\":\"\",\"title\":\"Displays\",\"content\":\"\n\n<p><span>Im Rahmen von Live-\\u00dcbertragungen, Pr\\u00e4sentationen und Hybriden-Events bieten Displays von 50\\u201c bis 200\\u201c variable L\\u00f6sungen. Aber auch f\\u00fcr normale Anzeigen wie, Veranstaltungsabl\\u00e4ufe, Produktinformationen, Hygiene-Anweisungen werden Displays gerne verwendet.\\u00a0<\\\/span><\\\/p>\",\"link\":\"\",\"title_color\":\"background\"}}]},{\"type\":\"column\",\"props\":{\"image_position\":\"center-center\",\"media_overlay_gradient\":\"\",\"vertical_align\":\"middle\",\"padding\":\"none\",\"width_medium\":\"3-5\",\"position_sticky_breakpoint\":\"m\"},\"children\":[{\"type\":\"slideshow\",\"props\":{\"show_title\":false,\"show_meta\":true,\"show_content\":true,\"show_link\":true,\"show_thumbnail\":true,\"slideshow_min_height\":\"300\",\"slideshow_autoplay_pause\":true,\"nav\":\"thumbnav\",\"nav_position\":\"bottom-center\",\"nav_position_margin\":\"small\",\"nav_align\":\"center\",\"nav_breakpoint\":\"\",\"thumbnav_width\":\"100\",\"thumbnav_height\":\"75\",\"thumbnav_svg_color\":\"emphasis\",\"slidenav\":\"\",\"slidenav_margin\":\"medium\",\"slidenav_breakpoint\":\"s\",\"slidenav_outside_breakpoint\":\"xl\",\"overlay_position\":\"center-left\",\"overlay_animation\":\"parallax\",\"title_element\":\"h3\",\"meta_style\":\"meta\",\"meta_align\":\"below-title\",\"link_text\":\"Read more\",\"link_style\":\"default\",\"margin\":\"remove-vertical\",\"slideshow_height\":\"\",\"text_color\":\"light\",\"slideshow_box_shadow\":\"medium\",\"slideshow_box_decoration\":\"shadow\",\"slideshow_animation\":\"\",\"slideshow_kenburns\":\"\",\"nav_margin\":\"\",\"nav_color\":\"\",\"slidenav_outside_color\":\"\",\"overlay_container\":\"\",\"overlay_container_padding\":\"\",\"overlay_width\":\"\",\"container_padding_remove\":false,\"css\":\"@media (max-width: 959px) {\\n    \\n    .el-element.uk-container-item-padding-remove-left {\\n        width: 100%;\\n        margin-left: 0;\\n    }\\n    \\n}\",\"slideshow_autoplay\":true,\"slideshow_autoplay_interval\":\"10\",\"meta_element\":\"div\",\"nav_below\":false,\"nav_vertical\":false,\"slideshow_ratio\":\"6:4\",\"slideshow_max_height\":\"\",\"thumbnav_nowrap\":true},\"children\":[{\"type\":\"slideshow_item\",\"props\":{\"title\":\"d348ef_5f1405a6d69c47219fbb5c8b189a0b72\",\"image\":\"wp-content\\\/uploads\\\/2022\\\/04\\\/d348ef_5f1405a6d69c47219fbb5c8b189a0b72.webp\"}},{\"type\":\"slideshow_item\",\"props\":{\"title\":\"DSC00122\",\"image\":\"wp-content\\\/uploads\\\/2022\\\/01\\\/DSC00122-scaled.jpg\"}}],\"name\":\"\"}]}]}],\"name\":\"Citystage RB\"},{\"type\":\"section\",\"props\":{\"style\":\"default\",\"width\":\"default\",\"vertical_align\":\"middle\",\"title_position\":\"top-right\",\"title_rotation\":\"left\",\"title_breakpoint\":\"xl\",\"image_position\":\"center-center\",\"class\":\"\",\"padding_remove_top\":false,\"title\":\"\",\"padding_remove_horizontal\":false},\"children\":[{\"type\":\"row\",\"props\":{\"layout\":\"2-5,3-5\",\"column_gap\":\"large\",\"match\":false},\"children\":[{\"type\":\"column\",\"props\":{\"image_position\":\"center-center\",\"media_overlay_gradient\":\"\",\"vertical_align\":\"middle\",\"width_medium\":\"2-5\",\"position_sticky_breakpoint\":\"m\"},\"children\":[{\"type\":\"panel\",\"props\":{\"link_text\":\"Alle Details im \\u00dcberblick\",\"title_hover_style\":\"reset\",\"title_element\":\"h1\",\"title_align\":\"top\",\"title_grid_width\":\"1-2\",\"title_grid_breakpoint\":\"m\",\"meta_style\":\"meta\",\"meta_align\":\"above-title\",\"image_align\":\"top\",\"image_grid_width\":\"1-2\",\"image_grid_breakpoint\":\"m\",\"image_svg_color\":\"emphasis\",\"link_style\":\"secondary\",\"margin\":\"remove-vertical\",\"title_style\":\"h1\",\"meta_color\":\"primary\",\"content_margin\":\"medium\",\"link_margin\":\"medium\",\"maxwidth\":\"large\",\"maxwidth_breakpoint\":\"s\",\"title_link\":true,\"icon_width\":80,\"content_column_breakpoint\":\"m\",\"meta_element\":\"div\",\"meta\":\"\",\"title\":\"Pixelmapping \",\"content\":\"\n\n<p class=\\\"font_8\\\"><span>Qualitativ hochwertige Beamer k\\u00f6nnen mit der richtigen Hard- und Software inzwischen weitaus mehr, als eine Pr\\u00e4sentation auf eine wei\\u00dfe Leinwand werfen. Durch sogenanntes Pixelmapping k\\u00f6nnen komplette H\\u00e4userfronten, die Decke, B\\u00f6den und W\\u00e4nde einer Location in das Veranstaltungskonzept eingebunden werden. Der Gestaltung sind damit keine Grenzen mehr gesetzt.\\u00a0 \\u00a0 \\u00a0<\\\/span><\\\/p>\",\"link\":\"\",\"title_color\":\"background\"}}]},{\"type\":\"column\",\"props\":{\"image_position\":\"center-center\",\"media_overlay_gradient\":\"\",\"vertical_align\":\"middle\",\"padding\":\"none\",\"width_medium\":\"3-5\",\"position_sticky_breakpoint\":\"m\"},\"children\":[{\"type\":\"slideshow\",\"props\":{\"show_title\":false,\"show_meta\":true,\"show_content\":true,\"show_link\":true,\"show_thumbnail\":true,\"slideshow_min_height\":\"300\",\"slideshow_autoplay_pause\":true,\"nav\":\"thumbnav\",\"nav_position\":\"bottom-center\",\"nav_position_margin\":\"small\",\"nav_align\":\"center\",\"nav_breakpoint\":\"\",\"thumbnav_width\":\"100\",\"thumbnav_height\":\"75\",\"thumbnav_svg_color\":\"emphasis\",\"slidenav\":\"\",\"slidenav_margin\":\"medium\",\"slidenav_breakpoint\":\"s\",\"slidenav_outside_breakpoint\":\"xl\",\"overlay_position\":\"center-left\",\"overlay_animation\":\"parallax\",\"title_element\":\"h3\",\"meta_style\":\"meta\",\"meta_align\":\"below-title\",\"link_text\":\"Read more\",\"link_style\":\"default\",\"margin\":\"remove-vertical\",\"slideshow_height\":\"\",\"text_color\":\"light\",\"slideshow_box_shadow\":\"large\",\"slideshow_box_decoration\":\"shadow\",\"slideshow_animation\":\"\",\"slideshow_kenburns\":\"\",\"nav_margin\":\"\",\"nav_color\":\"\",\"slidenav_outside_color\":\"\",\"overlay_container\":\"\",\"overlay_container_padding\":\"\",\"overlay_width\":\"\",\"container_padding_remove\":true,\"image_width\":\"100%\",\"css\":\"@media (max-width: 959px) {\\n    \\n    .el-element.uk-container-item-padding-remove-left {\\n        width: 100%;\\n        margin-left: 0;\\n    }\\n    \\n}\",\"slideshow_autoplay\":true,\"slideshow_autoplay_interval\":\"10\",\"meta_element\":\"div\",\"slideshow_ratio\":\"6:4\",\"thumbnav_nowrap\":true},\"children\":[{\"type\":\"slideshow_item\",\"props\":{\"title\":\"avt_logo_neu_2022_v4\",\"image\":\"wp-content\\\/uploads\\\/2022\\\/03\\\/b74eb739664d07632533e72d969c62e6.jpeg\"}}],\"name\":\"\"}]}]}],\"name\":\"\"},{\"type\":\"section\",\"props\":{\"style\":\"muted\",\"width\":\"default\",\"vertical_align\":\"middle\",\"title_position\":\"top-left\",\"title_rotation\":\"left\",\"title_breakpoint\":\"xl\",\"image_position\":\"center-center\"},\"children\":[{\"type\":\"row\",\"children\":[{\"type\":\"column\",\"props\":{\"position_sticky_breakpoint\":\"m\",\"image_position\":\"center-center\",\"media_overlay_gradient\":\"\"},\"children\":[]}]}]}],\"version\":\"2.7.22\"} --><\/p>\n","protected":false},"excerpt":{"rendered":"<p>Medientechnik Veranstaltungen mit hochaufl\u00f6sende Screens, Projektionen oder Videowalls sind inzwischen Standard. Daher bieten wir Ihnen gerne auch dazu eine passende L\u00f6sungen f\u00fcr Ihr Projekt. Im Rahmen von Konferenztechnik, Video- und Projektionstechnik, Displays, Videowalls und kompletten Pixelmappings bekommen Sie mit uns eine gro\u00dfe Auswahl an medientechnischen M\u00f6glichkeiten und dessen Umsetzung. Veranstaltungstechnik Streaming- und Videoproduktion B\u00fchnen und [&hellip;]<\/p>\n","protected":false},"author":1,"featured_media":0,"parent":0,"menu_order":0,"comment_status":"closed","ping_status":"closed","template":"","meta":{"footnotes":""},"class_list":["post-2059","page","type-page","status-publish","hentry"],"_links":{"self":[{"href":"https:\/\/avt-events.com\/index.php?rest_route=\/wp\/v2\/pages\/2059","targetHints":{"allow":["GET"]}}],"collection":[{"href":"https:\/\/avt-events.com\/index.php?rest_route=\/wp\/v2\/pages"}],"about":[{"href":"https:\/\/avt-events.com\/index.php?rest_route=\/wp\/v2\/types\/page"}],"author":[{"embeddable":true,"href":"https:\/\/avt-events.com\/index.php?rest_route=\/wp\/v2\/users\/1"}],"replies":[{"embeddable":true,"href":"https:\/\/avt-events.com\/index.php?rest_route=%2Fwp%2Fv2%2Fcomments&post=2059"}],"version-history":[{"count":6,"href":"https:\/\/avt-events.com\/index.php?rest_route=\/wp\/v2\/pages\/2059\/revisions"}],"predecessor-version":[{"id":2350,"href":"https:\/\/avt-events.com\/index.php?rest_route=\/wp\/v2\/pages\/2059\/revisions\/2350"}],"wp:attachment":[{"href":"https:\/\/avt-events.com\/index.php?rest_route=%2Fwp%2Fv2%2Fmedia&parent=2059"}],"curies":[{"name":"wp","href":"https:\/\/api.w.org\/{rel}","templated":true}]}}