{"id":2060,"date":"2022-04-11T14:15:17","date_gmt":"2022-04-11T12:15:17","guid":{"rendered":"http:\/\/avt.audio\/?page_id=2060"},"modified":"2022-09-13T10:39:21","modified_gmt":"2022-09-13T08:39:21","slug":"broadcast","status":"publish","type":"page","link":"https:\/\/avt-events.com\/?page_id=2060","title":{"rendered":"Broadcast"},"content":{"rendered":"<p><img decoding=\"async\" src=\"\/wp-content\/uploads\/2022\/04\/AVT-Rhamen-bg.png\" alt=\"\"><\/p>\n<h1>Broadcast<\/h1>\n<div>\n<p><span>Der Slogan \u201eRadio geht ins Ohr, bleibt im Kopf\u201c passt nicht erst, seitdem es die Seitenbacher-Werbung gibt. Unsere Jahrelangen Kooperationen mit den Radiosendern XY best\u00e4tigen unsere zuverl\u00e4ssige und professionelle Arbeitsweise in der Broadcastbereich. Unsere Erfahrungen reichen dabei von dem Aufbau, der Betreuung und Modernisierung kompletter Radiostationen bis hin zu mobilen \u00dcbertragungswagen oder dem gl\u00e4sernen Studio f\u00fcr Promotionaktionen vor Ort.\u00a0<\/span><\/p>\n<\/div>\n<ul>\n<li>\n        <a href=\"\/index.php?page_id=2032\">Veranstaltungstechnik<\/a>\n    <\/li>\n<li>\n        <a href=\"\/index.php?page_id=2056\">Streaming- und Videoproduktion<\/a>\n    <\/li>\n<li>\n        <a href=\"\/index.php?page_id=2012\">B\u00fchnen und Podesterie<\/a>\n    <\/li>\n<li>\n        <a href=\"\/index.php?page_id=2058\">Vertrieb und Service<\/a>\n    <\/li>\n<li>\n        <a href=\"\/index.php?page_id=2059\">Medientechnik<\/a>\n    <\/li>\n<li>\n        <a href=\"\/index.php?page_id=2060\">Broadcast<\/a>\n    <\/li>\n<\/ul>\n<div>\n<h1>Mobile Broadcast-Technik<\/h1>\n<div>\n<div class=\"\">Das Gl\u00e4serne Studio ist f\u00fcr Ihre Live-\u00dcbertragung konzipiert und bietet bei Ihrer Veranstaltung einen 360 Grad Einblick in die Welt des Radios. Ob Messe-, Festival- oder Live-Radio aus einem Einkaufszentrum, durch seine Mobilit\u00e4t bildet das Gl\u00e4serne Studio den Mittelpunkt Ihrer Veranstaltung.<\/p>\n<\/div>\n<div class=\"\">Unser &#8220;RoadStudio&#8221; ist mehr als nur ein \u00dc-Wagen &#8211; ausgestattet mit professioneller \u00dcbertragungstechnik. Egal ob es eine OnAir oder OffAir Veranstaltungen ist, ob wir Takes, Reportagen und O-T\u00f6ne direkt senden, \u00fcberspielen oder bearbeiten. Wir bieten mehr Radio zum Sehen und H\u00f6ren. Mit seiner kurzen Aufbauzeit von nur 30 Minuten ist es zudem eine repr\u00e4sentative Pr\u00e4sentationsbasis f\u00fcr Ihren Sender. Und das ganze zu einem Top Preis-Leistungs Verh\u00e4ltnis.\u00a0<\/div>\n<\/div>\n<\/div>\n<div>\n<p>    <img decoding=\"async\" src=\"\/wp-content\/uploads\/2022\/04\/d348ef_1e02baf619d7475f8a77c9cf139d4223.webp\" alt=\"\"><\/p>\n<h3>d348ef_1e02baf619d7475f8a77c9cf139d4223<\/h3>\n<\/div>\n<div>\n<h1>Rundfunk-Studiobau<\/h1>\n<div>\n<div class=\"\">Wir bieten Ihnen Wartungs- und Serviceleistungen f\u00fcr Ihre Hardware-, Software- und Audiol\u00f6sungen. \u00dcber kundenspezifische Sender-Wartungsvertr\u00e4ge sichern wir Ihnen einen individuellen und schnellen Vor-Ort-Service sowie eine umfassende Betreuung zu. Wir arbeiten mit einem Service-Level-System, das frei w\u00e4hlbar ist und auf unterschiedlichen Reaktionszeiten basiert. Wir garantieren Service vor Ort oder per Fernwartung. Diese Sender-Wartungsvertr\u00e4ge beinhalten auf Wunsch u.a. Pflege der Betriebssysteme inkl. Reparaturservice f\u00fcr Hard- und Software bis hin zum kompletten Studio\/Sender Um- bzw. Neubau.<\/p>\n<\/div>\n<div class=\"\">Auf Anfragen erhalten Sie innerhalb von 24 Stunden ein Angebot. Telefon-Hotline, Systemverwaltung und Update-Service runden unseren Wartungsservice ab.<\/div>\n<p class=\"font_8\">\n<\/div>\n<\/div>\n<ul>\n<li>\n<p>        <img decoding=\"async\" src=\"\/wp-content\/uploads\/2022\/04\/d348ef_38d9b2c1fc504786ac5cf66c5a3a33b2.webp\" alt=\"\"><\/p>\n<h3>d348ef_38d9b2c1fc504786ac5cf66c5a3a33b2<\/h3>\n<\/li>\n<li>\n<p>        <img decoding=\"async\" src=\"\/wp-content\/uploads\/2022\/04\/d348ef_1c1a00d0a972454db3610d5e84dbd08d.webp\" alt=\"\"><\/p>\n<h3>d348ef_1c1a00d0a972454db3610d5e84dbd08d<\/h3>\n<\/li>\n<li>\n<p>        <img decoding=\"async\" src=\"\/wp-content\/uploads\/2022\/04\/d348ef_1801067231114224bc5a274c81b15b52.webp\" alt=\"\"><\/p>\n<h3>d348ef_1801067231114224bc5a274c81b15b52<\/h3>\n<\/li>\n<li>\n<p>        <img decoding=\"async\" src=\"\/wp-content\/uploads\/2022\/01\/DSC00075-scaled.jpg\" alt=\"\"><\/p>\n<h3>DSC00075<\/h3>\n<\/li>\n<\/ul>\n<p><!--more--><br \/>\n<!-- {\"name\":\"KOMP Bilder kleiner\",\"type\":\"layout\",\"children\":[{\"type\":\"section\",\"props\":{\"style\":\"default\",\"width\":\"default\",\"vertical_align\":\"middle\",\"title_position\":\"top-left\",\"title_rotation\":\"left\",\"title_breakpoint\":\"xl\",\"image_position\":\"center-center\",\"padding\":\"large\",\"padding_remove_bottom\":false,\"header_transparent\":\"dark\",\"overlap\":false,\"title\":\"\"},\"children\":[{\"type\":\"row\",\"props\":{\"column_gap\":\"collapse\"},\"children\":[{\"type\":\"column\",\"props\":{\"image_position\":\"center-center\",\"media_overlay_gradient\":\"\",\"width_medium\":\"\",\"position_sticky_breakpoint\":\"m\"},\"children\":[{\"type\":\"image\",\"props\":{\"margin\":\"default\",\"image_svg_color\":\"emphasis\",\"image\":\"wp-content\\\/uploads\\\/2022\\\/04\\\/AVT-Rhamen-bg.png\",\"image_width\":\"700\",\"image_svg_inline\":true,\"image_svg_animate\":false,\"position\":\"absolute\",\"position_left\":\"0vw\",\"position_top\":\"-90\",\"visibility\":\"m\",\"position_z_index\":\"0\",\"animation\":\"fade\",\"text_align\":\"right\"}},{\"type\":\"headline\",\"props\":{\"title_element\":\"h1\",\"title_style\":\"heading-medium\",\"title_color\":\"background\",\"content\":\"Broadcast\",\"position\":\"relative\"}},{\"type\":\"text\",\"props\":{\"margin\":\"default\",\"column_breakpoint\":\"m\",\"content\":\"\n\n<p><span>Der Slogan \\u201eRadio geht ins Ohr, bleibt im Kopf\\u201c passt nicht erst, seitdem es die Seitenbacher-Werbung gibt. Unsere Jahrelangen Kooperationen mit den Radiosendern XY best\\u00e4tigen unsere zuverl\\u00e4ssige und professionelle Arbeitsweise in der Broadcastbereich. Unsere Erfahrungen reichen dabei von dem Aufbau, der Betreuung und Modernisierung kompletter Radiostationen bis hin zu mobilen \\u00dcbertragungswagen oder dem gl\\u00e4sernen Studio f\\u00fcr Promotionaktionen vor Ort.\\u00a0<\\\/span><\\\/p>\",\"dropcap\":false,\"text_style\":\"lead\"}},{\"type\":\"subnav\",\"props\":{\"subnav_style\":\"tab\",\"position\":\"relative\",\"position_z_index\":\"1\"},\"children\":[{\"type\":\"subnav_item\",\"props\":{\"content\":\"Veranstaltungstechnik\",\"link\":\"index.php?page_id=2032\",\"active\":false}},{\"type\":\"subnav_item\",\"props\":{\"content\":\"Streaming- und Videoproduktion\",\"link\":\"index.php?page_id=2056\"}},{\"type\":\"subnav_item\",\"props\":{\"content\":\"B\\u00fchnen und Podesterie\",\"link\":\"index.php?page_id=2012\",\"active\":false}},{\"type\":\"subnav_item\",\"props\":{\"content\":\"Vertrieb und Service\",\"link\":\"index.php?page_id=2058\"}},{\"type\":\"subnav_item\",\"props\":{\"content\":\"Medientechnik\",\"link\":\"index.php?page_id=2059\",\"active\":false}},{\"type\":\"subnav_item\",\"props\":{\"content\":\"Broadcast\",\"link\":\"index.php?page_id=2060\",\"active\":true}}],\"name\":\"Subnav Kompetenzen\"}]}]}],\"name\":\"Willkommen\",\"modified\":\"2021-04-22T08:15:52.231Z\"},{\"type\":\"section\",\"props\":{\"style\":\"muted\",\"width\":\"default\",\"vertical_align\":\"middle\",\"title_position\":\"top-right\",\"title_rotation\":\"left\",\"title_breakpoint\":\"xl\",\"image_position\":\"center-center\",\"class\":\"\",\"padding_remove_top\":false,\"title\":\"\"},\"children\":[{\"type\":\"row\",\"props\":{\"layout\":\"2-5,3-5\",\"column_gap\":\"large\",\"match\":false},\"children\":[{\"type\":\"column\",\"props\":{\"image_position\":\"center-center\",\"media_overlay_gradient\":\"\",\"width_medium\":\"2-5\",\"position_sticky_breakpoint\":\"m\",\"vertical_align\":\"middle\"},\"children\":[{\"type\":\"panel\",\"props\":{\"link_text\":\"Alle Details im \\u00dcberblick\",\"title_hover_style\":\"reset\",\"title_element\":\"h1\",\"title_align\":\"top\",\"title_grid_width\":\"1-2\",\"title_grid_breakpoint\":\"m\",\"meta_style\":\"meta\",\"meta_align\":\"above-title\",\"image_align\":\"top\",\"image_grid_width\":\"1-2\",\"image_grid_breakpoint\":\"m\",\"image_svg_color\":\"emphasis\",\"link_style\":\"secondary\",\"margin\":\"remove-vertical\",\"title_style\":\"h1\",\"meta_color\":\"primary\",\"content_margin\":\"medium\",\"link_margin\":\"medium\",\"maxwidth\":\"large\",\"maxwidth_breakpoint\":\"s\",\"title_link\":true,\"icon_width\":80,\"content_column_breakpoint\":\"m\",\"meta_element\":\"div\",\"meta\":\"\",\"title\":\"Mobile Broadcast-Technik\",\"content\":\"\n\n<div class=\\\"\\\">Das Gl\\u00e4serne Studio ist f\\u00fcr Ihre Live-\\u00dcbertragung konzipiert und bietet bei Ihrer Veranstaltung einen 360 Grad Einblick in die Welt des Radios. Ob Messe-, Festival- oder Live-Radio aus einem Einkaufszentrum, durch seine Mobilit\\u00e4t bildet das Gl\\u00e4serne Studio den Mittelpunkt Ihrer Veranstaltung.<br \\\/><br \\\/><\\\/div>\\n\n\n<div class=\\\"\\\">Unser \\\"RoadStudio\\\" ist mehr als nur ein \\u00dc-Wagen - ausgestattet mit professioneller \\u00dcbertragungstechnik. Egal ob es eine OnAir oder OffAir Veranstaltungen ist, ob wir Takes, Reportagen und O-T\\u00f6ne direkt senden, \\u00fcberspielen oder bearbeiten. Wir bieten mehr Radio zum Sehen und H\\u00f6ren. Mit seiner kurzen Aufbauzeit von nur 30 Minuten ist es zudem eine repr\\u00e4sentative Pr\\u00e4sentationsbasis f\\u00fcr Ihren Sender. Und das ganze zu einem Top Preis-Leistungs Verh\\u00e4ltnis.\\u00a0<\\\/div>\",\"link\":\"\",\"title_color\":\"background\"}}]},{\"type\":\"column\",\"props\":{\"image_position\":\"center-center\",\"media_overlay_gradient\":\"\",\"vertical_align\":\"middle\",\"padding\":\"none\",\"width_medium\":\"3-5\",\"position_sticky_breakpoint\":\"m\"},\"children\":[{\"type\":\"slideshow\",\"props\":{\"show_title\":false,\"show_meta\":true,\"show_content\":true,\"show_link\":true,\"show_thumbnail\":true,\"slideshow_min_height\":\"300\",\"slideshow_autoplay_pause\":true,\"nav\":\"thumbnav\",\"nav_position\":\"bottom-center\",\"nav_position_margin\":\"small\",\"nav_align\":\"center\",\"nav_breakpoint\":\"\",\"thumbnav_width\":\"100\",\"thumbnav_height\":\"75\",\"thumbnav_svg_color\":\"emphasis\",\"slidenav\":\"\",\"slidenav_margin\":\"medium\",\"slidenav_breakpoint\":\"s\",\"slidenav_outside_breakpoint\":\"xl\",\"overlay_position\":\"center-left\",\"overlay_animation\":\"parallax\",\"title_element\":\"h3\",\"meta_style\":\"meta\",\"meta_align\":\"below-title\",\"link_text\":\"Read more\",\"link_style\":\"default\",\"margin\":\"remove-vertical\",\"slideshow_height\":\"\",\"text_color\":\"light\",\"slideshow_box_shadow\":\"medium\",\"slideshow_box_decoration\":\"shadow\",\"slideshow_animation\":\"\",\"slideshow_kenburns\":\"\",\"nav_margin\":\"\",\"nav_color\":\"\",\"slidenav_outside_color\":\"\",\"overlay_container\":\"\",\"overlay_container_padding\":\"\",\"overlay_width\":\"\",\"container_padding_remove\":false,\"css\":\"@media (max-width: 959px) {\\n    \\n    .el-element.uk-container-item-padding-remove-left {\\n        width: 100%;\\n        margin-left: 0;\\n    }\\n    \\n}\",\"slideshow_autoplay\":true,\"slideshow_autoplay_interval\":\"10\",\"meta_element\":\"div\",\"nav_below\":false,\"nav_vertical\":false,\"slideshow_ratio\":\"6:4\",\"slideshow_max_height\":\"\",\"thumbnav_nowrap\":true},\"children\":[{\"type\":\"slideshow_item\",\"props\":{\"title\":\"d348ef_1e02baf619d7475f8a77c9cf139d4223\",\"image\":\"wp-content\\\/uploads\\\/2022\\\/04\\\/d348ef_1e02baf619d7475f8a77c9cf139d4223.webp\"}}],\"name\":\"\"}]}]}],\"name\":\"Citystage RB\"},{\"type\":\"section\",\"props\":{\"style\":\"default\",\"width\":\"default\",\"vertical_align\":\"middle\",\"title_position\":\"top-right\",\"title_rotation\":\"left\",\"title_breakpoint\":\"xl\",\"image_position\":\"center-center\",\"class\":\"\",\"padding_remove_top\":false,\"title\":\"\",\"padding_remove_horizontal\":false},\"children\":[{\"type\":\"row\",\"props\":{\"layout\":\"2-5,3-5\",\"column_gap\":\"large\",\"match\":false},\"children\":[{\"type\":\"column\",\"props\":{\"image_position\":\"center-center\",\"media_overlay_gradient\":\"\",\"vertical_align\":\"middle\",\"width_medium\":\"2-5\",\"position_sticky_breakpoint\":\"m\"},\"children\":[{\"type\":\"panel\",\"props\":{\"link_text\":\"Alle Details im \\u00dcberblick\",\"title_hover_style\":\"reset\",\"title_element\":\"h1\",\"title_align\":\"top\",\"title_grid_width\":\"1-2\",\"title_grid_breakpoint\":\"m\",\"meta_style\":\"meta\",\"meta_align\":\"above-title\",\"image_align\":\"top\",\"image_grid_width\":\"1-2\",\"image_grid_breakpoint\":\"m\",\"image_svg_color\":\"emphasis\",\"link_style\":\"secondary\",\"margin\":\"remove-vertical\",\"title_style\":\"h1\",\"meta_color\":\"primary\",\"content_margin\":\"medium\",\"link_margin\":\"medium\",\"maxwidth\":\"large\",\"maxwidth_breakpoint\":\"s\",\"title_link\":true,\"icon_width\":80,\"content_column_breakpoint\":\"m\",\"meta_element\":\"div\",\"meta\":\"\",\"title\":\"Rundfunk-Studiobau\",\"content\":\"\n\n<div class=\\\"\\\">Wir bieten Ihnen Wartungs- und Serviceleistungen f\\u00fcr Ihre Hardware-, Software- und Audiol\\u00f6sungen. \\u00dcber kundenspezifische Sender-Wartungsvertr\\u00e4ge sichern wir Ihnen einen individuellen und schnellen Vor-Ort-Service sowie eine umfassende Betreuung zu. Wir arbeiten mit einem Service-Level-System, das frei w\\u00e4hlbar ist und auf unterschiedlichen Reaktionszeiten basiert. Wir garantieren Service vor Ort oder per Fernwartung. Diese Sender-Wartungsvertr\\u00e4ge beinhalten auf Wunsch u.a. Pflege der Betriebssysteme inkl. Reparaturservice f\\u00fcr Hard- und Software bis hin zum kompletten Studio\\\/Sender Um- bzw. Neubau.<br \\\/><br \\\/><\\\/div>\\n\n\n<div class=\\\"\\\">Auf Anfragen erhalten Sie innerhalb von 24 Stunden ein Angebot. Telefon-Hotline, Systemverwaltung und Update-Service runden unseren Wartungsservice ab.<\\\/div>\\n\n\n<p class=\\\"font_8\\\"><\\\/p>\",\"link\":\"\",\"title_color\":\"background\"}}]},{\"type\":\"column\",\"props\":{\"image_position\":\"center-center\",\"media_overlay_gradient\":\"\",\"vertical_align\":\"middle\",\"padding\":\"none\",\"width_medium\":\"3-5\",\"position_sticky_breakpoint\":\"m\"},\"children\":[{\"type\":\"slideshow\",\"props\":{\"show_title\":false,\"show_meta\":true,\"show_content\":true,\"show_link\":true,\"show_thumbnail\":true,\"slideshow_min_height\":\"300\",\"slideshow_autoplay_pause\":true,\"nav\":\"thumbnav\",\"nav_position\":\"bottom-center\",\"nav_position_margin\":\"small\",\"nav_align\":\"center\",\"nav_breakpoint\":\"\",\"thumbnav_width\":\"100\",\"thumbnav_height\":\"75\",\"thumbnav_svg_color\":\"emphasis\",\"slidenav\":\"\",\"slidenav_margin\":\"medium\",\"slidenav_breakpoint\":\"s\",\"slidenav_outside_breakpoint\":\"xl\",\"overlay_position\":\"center-left\",\"overlay_animation\":\"parallax\",\"title_element\":\"h3\",\"meta_style\":\"meta\",\"meta_align\":\"below-title\",\"link_text\":\"Read more\",\"link_style\":\"default\",\"margin\":\"remove-vertical\",\"slideshow_height\":\"\",\"text_color\":\"light\",\"slideshow_box_shadow\":\"large\",\"slideshow_box_decoration\":\"shadow\",\"slideshow_animation\":\"\",\"slideshow_kenburns\":\"\",\"nav_margin\":\"\",\"nav_color\":\"\",\"slidenav_outside_color\":\"\",\"overlay_container\":\"\",\"overlay_container_padding\":\"\",\"overlay_width\":\"\",\"container_padding_remove\":true,\"image_width\":\"100%\",\"css\":\"@media (max-width: 959px) {\\n    \\n    .el-element.uk-container-item-padding-remove-left {\\n        width: 100%;\\n        margin-left: 0;\\n    }\\n    \\n}\",\"slideshow_autoplay\":true,\"slideshow_autoplay_interval\":\"10\",\"meta_element\":\"div\",\"slideshow_ratio\":\"6:4\",\"thumbnav_nowrap\":true},\"children\":[{\"type\":\"slideshow_item\",\"props\":{\"title\":\"d348ef_38d9b2c1fc504786ac5cf66c5a3a33b2\",\"image\":\"wp-content\\\/uploads\\\/2022\\\/04\\\/d348ef_38d9b2c1fc504786ac5cf66c5a3a33b2.webp\"}},{\"type\":\"slideshow_item\",\"props\":{\"title\":\"d348ef_1c1a00d0a972454db3610d5e84dbd08d\",\"image\":\"wp-content\\\/uploads\\\/2022\\\/04\\\/d348ef_1c1a00d0a972454db3610d5e84dbd08d.webp\"}},{\"type\":\"slideshow_item\",\"props\":{\"title\":\"d348ef_1801067231114224bc5a274c81b15b52\",\"image\":\"wp-content\\\/uploads\\\/2022\\\/04\\\/d348ef_1801067231114224bc5a274c81b15b52.webp\"}},{\"type\":\"slideshow_item\",\"props\":{\"title\":\"DSC00075\",\"image\":\"wp-content\\\/uploads\\\/2022\\\/01\\\/DSC00075-scaled.jpg\"}}],\"name\":\"\"}]}]}],\"name\":\"\"},{\"type\":\"section\",\"props\":{\"style\":\"muted\",\"width\":\"default\",\"vertical_align\":\"middle\",\"title_position\":\"top-left\",\"title_rotation\":\"left\",\"title_breakpoint\":\"xl\",\"image_position\":\"center-center\"},\"children\":[{\"type\":\"row\",\"children\":[{\"type\":\"column\",\"props\":{\"position_sticky_breakpoint\":\"m\",\"image_position\":\"center-center\",\"media_overlay_gradient\":\"\"},\"children\":[]}]}]}],\"version\":\"2.7.22\"} --><\/p>\n","protected":false},"excerpt":{"rendered":"<p>Broadcast Der Slogan \u201eRadio geht ins Ohr, bleibt im Kopf\u201c passt nicht erst, seitdem es die Seitenbacher-Werbung gibt. Unsere Jahrelangen Kooperationen mit den Radiosendern XY best\u00e4tigen unsere zuverl\u00e4ssige und professionelle Arbeitsweise in der Broadcastbereich. Unsere Erfahrungen reichen dabei von dem Aufbau, der Betreuung und Modernisierung kompletter Radiostationen bis hin zu mobilen \u00dcbertragungswagen oder dem gl\u00e4sernen [&hellip;]<\/p>\n","protected":false},"author":1,"featured_media":0,"parent":0,"menu_order":0,"comment_status":"closed","ping_status":"closed","template":"","meta":{"footnotes":""},"class_list":["post-2060","page","type-page","status-publish","hentry"],"_links":{"self":[{"href":"https:\/\/avt-events.com\/index.php?rest_route=\/wp\/v2\/pages\/2060","targetHints":{"allow":["GET"]}}],"collection":[{"href":"https:\/\/avt-events.com\/index.php?rest_route=\/wp\/v2\/pages"}],"about":[{"href":"https:\/\/avt-events.com\/index.php?rest_route=\/wp\/v2\/types\/page"}],"author":[{"embeddable":true,"href":"https:\/\/avt-events.com\/index.php?rest_route=\/wp\/v2\/users\/1"}],"replies":[{"embeddable":true,"href":"https:\/\/avt-events.com\/index.php?rest_route=%2Fwp%2Fv2%2Fcomments&post=2060"}],"version-history":[{"count":6,"href":"https:\/\/avt-events.com\/index.php?rest_route=\/wp\/v2\/pages\/2060\/revisions"}],"predecessor-version":[{"id":2365,"href":"https:\/\/avt-events.com\/index.php?rest_route=\/wp\/v2\/pages\/2060\/revisions\/2365"}],"wp:attachment":[{"href":"https:\/\/avt-events.com\/index.php?rest_route=%2Fwp%2Fv2%2Fmedia&parent=2060"}],"curies":[{"name":"wp","href":"https:\/\/api.w.org\/{rel}","templated":true}]}}